{"id":2675,"date":"2022-05-31T09:11:31","date_gmt":"2022-05-31T07:11:31","guid":{"rendered":"https:\/\/www.ellenafuneralcar.com\/allestimento-veicoli-funebri\/"},"modified":"2024-10-09T18:48:23","modified_gmt":"2024-10-09T16:48:23","slug":"amenagement-de-vehicules-funeraires","status":"publish","type":"page","link":"https:\/\/www.ellenafuneralcar.com\/fr\/amenagement-de-vehicules-funeraires\/","title":{"rendered":"Am\u00e9nagement"},"content":{"rendered":"\n<section class=\"wp-block-group main-banner\">\n<div class=\"wp-block-cover\"><span aria-hidden=\"true\" class=\"wp-block-cover__background has-background-dim-0 has-background-dim\"><\/span><img decoding=\"async\" width=\"1920\" height=\"592\" class=\"wp-block-cover__image-background wp-image-144\" alt=\"\" src=\"https:\/\/www.ellenafuneralcar.com\/wp-content\/uploads\/2022\/06\/background-banner-progettazione-auto-funebri.jpg\" data-object-fit=\"cover\" srcset=\"https:\/\/www.ellenafuneralcar.com\/wp-content\/uploads\/2022\/06\/background-banner-progettazione-auto-funebri.jpg 1920w, https:\/\/www.ellenafuneralcar.com\/wp-content\/uploads\/2022\/06\/background-banner-progettazione-auto-funebri-300x93.jpg 300w, https:\/\/www.ellenafuneralcar.com\/wp-content\/uploads\/2022\/06\/background-banner-progettazione-auto-funebri-1024x316.jpg 1024w, https:\/\/www.ellenafuneralcar.com\/wp-content\/uploads\/2022\/06\/background-banner-progettazione-auto-funebri-768x237.jpg 768w, https:\/\/www.ellenafuneralcar.com\/wp-content\/uploads\/2022\/06\/background-banner-progettazione-auto-funebri-1536x474.jpg 1536w\" sizes=\"(max-width: 1920px) 100vw, 1920px\" \/><div class=\"wp-block-cover__inner-container\">\n<div class=\"wp-block-cover\"><span aria-hidden=\"true\" class=\"wp-block-cover__background has-background-dim-0 has-background-dim\"><\/span><img decoding=\"async\" width=\"1920\" height=\"590\" class=\"wp-block-cover__image-background wp-image-227\" alt=\"\" src=\"https:\/\/www.ellenafuneralcar.com\/wp-content\/uploads\/2022\/06\/background-banner-allestimento-veicoli-funebri-1.png\" data-object-fit=\"cover\" srcset=\"https:\/\/www.ellenafuneralcar.com\/wp-content\/uploads\/2022\/06\/background-banner-allestimento-veicoli-funebri-1.png 1920w, https:\/\/www.ellenafuneralcar.com\/wp-content\/uploads\/2022\/06\/background-banner-allestimento-veicoli-funebri-1-300x92.png 300w, https:\/\/www.ellenafuneralcar.com\/wp-content\/uploads\/2022\/06\/background-banner-allestimento-veicoli-funebri-1-1024x315.png 1024w, https:\/\/www.ellenafuneralcar.com\/wp-content\/uploads\/2022\/06\/background-banner-allestimento-veicoli-funebri-1-768x236.png 768w, https:\/\/www.ellenafuneralcar.com\/wp-content\/uploads\/2022\/06\/background-banner-allestimento-veicoli-funebri-1-1536x472.png 1536w\" sizes=\"(max-width: 1920px) 100vw, 1920px\" \/><div class=\"wp-block-cover__inner-container\">\n<div class=\"wp-block-group container\">\n<div class=\"wp-block-columns row pt-5 pb-5\">\n<div class=\"wp-block-column col-12 col-md-6\">\n<h1 class=\"wp-block-heading text-center text-md-start\">AM\u00c9NAGEMENT DE V\u00c9HICULES FUN\u00c9RAIRES<strong>&nbsp;<\/strong><\/h1>\n<\/div>\n\n\n\n<div class=\"wp-block-column col-12 col-md-6\"><\/div>\n<\/div>\n<\/div>\n<\/div><\/div>\n<\/div><\/div>\n<\/section>\n\n\n\n<section class=\"wp-block-group background-gunmetal-dark\">\n<div class=\"wp-block-group container\">\n<div class=\"wp-block-columns row py-8 justify-content-center\">\n<div class=\"wp-block-column col-10 col-lg-8 col-xl-7\">\n<h2 class=\"wp-block-heading text-center\">STYLE ITALIEN ET APPROCHE SUR MESURE: V\u00c9HICULES FUN\u00c9RAIRES PERSONNALIS\u00c9S<\/h2>\n\n\n\n<hr class=\"wp-block-separator has-alpha-channel-opacity separator blue-light center\"\/>\n\n\n\n<p class=\"has-text-align-center\">Pour nous, il n&rsquo;y a pas de solution standard. Le d\u00e9sir d&rsquo;exp\u00e9rimenter, de se tourner vers l&rsquo;avenir et surtout d&rsquo;\u00e9couter les besoins de chaque client est ce qui permet \u00e0 nos v\u00e9hicules de se distinguer sur le march\u00e9 par leur \u00e9l\u00e9gance et leur personnalit\u00e9.<\/p>\n\n\n\n<p class=\"has-text-align-center\">C&rsquo;est pourquoi, depuis des ann\u00e9es, Ellena \u00e9tablit de nouvelles normes de qualit\u00e9 et de design dans le secteur \u00e0 l&rsquo;\u00e9chelle internationale, en marquant des tendances qui sont destin\u00e9es \u00e0 perdurer. Par exemple, nous \u00e9tions les premiers \u00e0 proposer les innovants v\u00e9hicules fun\u00e9raires de couleur ivoire, et parmi les premiers \u00e0 mettre en place des vitres teint\u00e9es pour garantir la confidentialit\u00e9 et mettre en valeur les lignes uniques de nos v\u00e9hicules.<\/p>\n<\/div>\n<\/div>\n<\/div>\n<\/section>\n\n\n\n<section class=\"wp-block-group stackable\">\n<div class=\"wp-block-cover align-items-end\" style=\"min-height:100vh;aspect-ratio:unset;\"><span aria-hidden=\"true\" class=\"wp-block-cover__background has-background-dim-0 has-background-dim\"><\/span><img decoding=\"async\" width=\"1920\" height=\"978\" class=\"wp-block-cover__image-background wp-image-1088\" alt=\"\" src=\"https:\/\/www.ellenafuneralcar.com\/wp-content\/uploads\/2022\/07\/background-banner-allestimento-veicoli-funebri-section-2-2.jpg\" data-object-fit=\"cover\" srcset=\"https:\/\/www.ellenafuneralcar.com\/wp-content\/uploads\/2022\/07\/background-banner-allestimento-veicoli-funebri-section-2-2.jpg 1920w, https:\/\/www.ellenafuneralcar.com\/wp-content\/uploads\/2022\/07\/background-banner-allestimento-veicoli-funebri-section-2-2-300x153.jpg 300w, https:\/\/www.ellenafuneralcar.com\/wp-content\/uploads\/2022\/07\/background-banner-allestimento-veicoli-funebri-section-2-2-1024x522.jpg 1024w, https:\/\/www.ellenafuneralcar.com\/wp-content\/uploads\/2022\/07\/background-banner-allestimento-veicoli-funebri-section-2-2-768x391.jpg 768w, https:\/\/www.ellenafuneralcar.com\/wp-content\/uploads\/2022\/07\/background-banner-allestimento-veicoli-funebri-section-2-2-1536x782.jpg 1536w\" sizes=\"(max-width: 1920px) 100vw, 1920px\" \/><div class=\"wp-block-cover__inner-container\">\n<div class=\"wp-block-group container\">\n<div class=\"wp-block-columns row pb-5 pt-5\">\n<div class=\"wp-block-column col-12 col-lg-7\">\n<h3 class=\"wp-block-heading blue-light text-center text-md-start\"><strong>Personnalisez votre v\u00e9hicule fun\u00e9raire<\/strong><\/h3>\n\n\n\n<p class=\"text-center text-md-start sub-paragraph-kerning\">Nous aimons essayer de nouvelles couleurs, de nouveaux proc\u00e9d\u00e9s de finition et de nouveaux accessoires pour faire la diff\u00e9rence. Nos clients peuvent choisir parmi un large \u00e9ventail de personnalisations et \u00e9laborer la solution la plus adapt\u00e9e avec nos concepteurs.<\/p>\n<\/div>\n<\/div>\n<\/div>\n<\/div><\/div>\n<\/section>\n\n\n\n<section class=\"wp-block-group stackable\">\n<div class=\"wp-block-cover align-items-end\" style=\"min-height:100vh;aspect-ratio:unset;\"><span aria-hidden=\"true\" class=\"wp-block-cover__background has-background-dim-0 has-background-dim\"><\/span><img decoding=\"async\" width=\"1920\" height=\"978\" class=\"wp-block-cover__image-background wp-image-1083\" alt=\"\" src=\"https:\/\/www.ellenafuneralcar.com\/wp-content\/uploads\/2022\/07\/background-banner-allestimento-veicoli-funebri-section-3-2.jpg\" data-object-fit=\"cover\" srcset=\"https:\/\/www.ellenafuneralcar.com\/wp-content\/uploads\/2022\/07\/background-banner-allestimento-veicoli-funebri-section-3-2.jpg 1920w, https:\/\/www.ellenafuneralcar.com\/wp-content\/uploads\/2022\/07\/background-banner-allestimento-veicoli-funebri-section-3-2-300x153.jpg 300w, https:\/\/www.ellenafuneralcar.com\/wp-content\/uploads\/2022\/07\/background-banner-allestimento-veicoli-funebri-section-3-2-1024x522.jpg 1024w, https:\/\/www.ellenafuneralcar.com\/wp-content\/uploads\/2022\/07\/background-banner-allestimento-veicoli-funebri-section-3-2-768x391.jpg 768w, https:\/\/www.ellenafuneralcar.com\/wp-content\/uploads\/2022\/07\/background-banner-allestimento-veicoli-funebri-section-3-2-1536x782.jpg 1536w\" sizes=\"(max-width: 1920px) 100vw, 1920px\" \/><div class=\"wp-block-cover__inner-container\">\n<div class=\"wp-block-group container\">\n<div class=\"wp-block-columns row pb-5 pt-5\">\n<div class=\"wp-block-column col-12 col-lg-7\">\n<h3 class=\"wp-block-heading blue-light text-center text-md-start\"><strong>Les d\u00e9tails qui font la diff\u00e9rence<\/strong><\/h3>\n\n\n\n<p class=\"text-center text-md-start sub-paragraph-kerning\">Nos v\u00e9hicules fun\u00e9raires sont connus dans le monde entier pour leur design ext\u00e9rieur, mais ce n&rsquo;est pas tout. Les v\u00e9hicules fun\u00e9raires Ellena sont dot\u00e9s de vitres en verre tremp\u00e9 et de rev\u00eatements int\u00e9rieurs en cuir de qualit\u00e9 sup\u00e9rieure, qui peuvent \u00eatre personnalis\u00e9s en termes de mat\u00e9riaux, de couleurs et de types de coutures.<\/p>\n<\/div>\n<\/div>\n<\/div>\n<\/div><\/div>\n<\/section>\n\n\n\n<section class=\"wp-block-group stackable\">\n<div class=\"wp-block-cover align-items-end\" style=\"min-height:100vh;aspect-ratio:unset;\"><span aria-hidden=\"true\" class=\"wp-block-cover__background has-background-dim-0 has-background-dim\"><\/span><img decoding=\"async\" width=\"1920\" height=\"978\" class=\"wp-block-cover__image-background wp-image-1108\" alt=\"\" src=\"https:\/\/www.ellenafuneralcar.com\/wp-content\/uploads\/2022\/07\/background-banner-allestimento-veicoli-funebri-section-4-2.jpg\" data-object-fit=\"cover\" srcset=\"https:\/\/www.ellenafuneralcar.com\/wp-content\/uploads\/2022\/07\/background-banner-allestimento-veicoli-funebri-section-4-2.jpg 1920w, https:\/\/www.ellenafuneralcar.com\/wp-content\/uploads\/2022\/07\/background-banner-allestimento-veicoli-funebri-section-4-2-300x153.jpg 300w, https:\/\/www.ellenafuneralcar.com\/wp-content\/uploads\/2022\/07\/background-banner-allestimento-veicoli-funebri-section-4-2-1024x522.jpg 1024w, https:\/\/www.ellenafuneralcar.com\/wp-content\/uploads\/2022\/07\/background-banner-allestimento-veicoli-funebri-section-4-2-768x391.jpg 768w, https:\/\/www.ellenafuneralcar.com\/wp-content\/uploads\/2022\/07\/background-banner-allestimento-veicoli-funebri-section-4-2-1536x782.jpg 1536w\" sizes=\"(max-width: 1920px) 100vw, 1920px\" \/><div class=\"wp-block-cover__inner-container\">\n<div class=\"wp-block-group container\">\n<div class=\"wp-block-columns row pb-5 pt-5\">\n<div class=\"wp-block-column col-12 col-lg-7\">\n<h3 class=\"wp-block-heading blue-light text-center text-md-start\"><strong>Automatisation fluide et performante<\/strong><\/h3>\n\n\n\n<p class=\"text-center text-md-start sub-paragraph-kerning\">Plateaux en verre tremp\u00e9 pour une r\u00e9sistance maximale et automatisation technologiquement avanc\u00e9e, fluide et silencieuse.<\/p>\n<\/div>\n<\/div>\n<\/div>\n<\/div><\/div>\n<\/section>\n\n\n\n<div class=\"wp-block-group\">\n<div class=\"wp-block-cover is-light\" style=\"min-height:80vh;aspect-ratio:unset;\"><span aria-hidden=\"true\" class=\"wp-block-cover__background has-background-dim-0 has-background-dim\"><\/span><video class=\"wp-block-cover__video-background intrinsic-ignore\" autoplay muted loop playsinline src=\"https:\/\/www.ellenafuneralcar.com\/wp-content\/uploads\/2022\/07\/Video-Loop-V04-1.mp4\" data-object-fit=\"cover\"><\/video><div class=\"wp-block-cover__inner-container\">\n<p class=\"has-text-align-center has-large-font-size\"><\/p>\n<\/div><\/div>\n<\/div>\n\n\n\n<section class=\"wp-block-group background-gunmetal-dark position-relative invo-hide-sec\">\n<div class=\"wp-block-group container-fluid\">\n<div class=\"wp-block-columns row\">\n<div class=\"wp-block-column col-12 col-md-6 p-0 d-flex align-items-center justify-content-center\">\n<div class=\"wp-block-cover is-light\" style=\"min-height:40vh;aspect-ratio:unset;\"><span aria-hidden=\"true\" class=\"wp-block-cover__background has-background-dim-0 has-background-dim\"><\/span><video class=\"wp-block-cover__video-background intrinsic-ignore\" autoplay muted loop playsinline src=\"https:\/\/www.ellenafuneralcar.com\/wp-content\/uploads\/2022\/07\/Video-Loop-Timon.mp4\" data-object-fit=\"cover\"><\/video><div class=\"wp-block-cover__inner-container\">\n<p class=\"has-text-align-center has-large-font-size\"><\/p>\n<\/div><\/div>\n<\/div>\n\n\n\n<div class=\"wp-block-column col-12 col-md-6 p-5 ps-md-9 d-flex flex-column justify-content-center justify-content-md-start\">\n<h2 class=\"wp-block-heading mb-md-4 text-white text-center text-md-start\">D\u00e9couvrez notre gamme de v\u00e9hicules fun\u00e9raires<\/h2>\n\n\n\n<div class=\"wp-block-buttons pt-3 text-center text-md-start\">\n<div class=\"wp-block-button btn btn-border\"><a class=\"wp-block-button__link wp-element-button\" href=\"https:\/\/www.ellenafuneralcar.com\/fr\/vehicules-funeraires\/\">D\u00e9couvrez<\/a><\/div>\n<\/div>\n<\/div>\n<\/div>\n<\/div>\n<\/section>\n\n\n\n<section class=\"wp-block-group\">\n<div class=\"wp-block-cover\" style=\"min-height:30vh;aspect-ratio:unset;\"><span aria-hidden=\"true\" class=\"wp-block-cover__background has-background-dim-0 has-background-dim\"><\/span><img decoding=\"async\" width=\"1920\" height=\"386\" class=\"wp-block-cover__image-background wp-image-199\" alt=\"\" src=\"https:\/\/www.ellenafuneralcar.com\/wp-content\/uploads\/2022\/06\/background-section-contact.jpg\" data-object-fit=\"cover\" srcset=\"https:\/\/www.ellenafuneralcar.com\/wp-content\/uploads\/2022\/06\/background-section-contact.jpg 1920w, https:\/\/www.ellenafuneralcar.com\/wp-content\/uploads\/2022\/06\/background-section-contact-300x60.jpg 300w, https:\/\/www.ellenafuneralcar.com\/wp-content\/uploads\/2022\/06\/background-section-contact-1024x206.jpg 1024w, https:\/\/www.ellenafuneralcar.com\/wp-content\/uploads\/2022\/06\/background-section-contact-768x154.jpg 768w, https:\/\/www.ellenafuneralcar.com\/wp-content\/uploads\/2022\/06\/background-section-contact-1536x309.jpg 1536w\" sizes=\"(max-width: 1920px) 100vw, 1920px\" \/><div class=\"wp-block-cover__inner-container\">\n<div class=\"wp-block-group container\">\n<div class=\"wp-block-columns row\">\n<div class=\"wp-block-column col-12 col-md-8\">\n<p class=\"text-center text-md-start\"><strong><strong>Vous cherchez un v\u00e9hicule fun\u00e9raire<\/strong>?<\/strong><br>Prenez contact avec nous pour<br>d\u00e9couvrir la qualit\u00e9 Ellena<\/p>\n<\/div>\n\n\n\n<div class=\"wp-block-column col-12 col-md-4 d-flex align-items-center justify-content-center justify-content-md-start\">\n<div class=\"wp-block-buttons text-center text-md-start\">\n<div class=\"wp-block-button btn btn-primary\"><a class=\"wp-block-button__link wp-element-button\" href=\"https:\/\/www.ellenafuneralcar.com\/fr\/contact\/\">NOUS CONTACTER<\/a><\/div>\n<\/div>\n<\/div>\n<\/div>\n<\/div>\n<\/div><\/div>\n<\/section>\n","protected":false},"excerpt":{"rendered":"<p>STYLE ITALIEN ET APPROCHE SUR MESURE: V\u00c9HICULES FUN\u00c9RAIRES PERSONNALIS\u00c9S Pour nous, il n&rsquo;y a pas de solution standard. Le d\u00e9sir d&rsquo;exp\u00e9rimenter, de se tourner vers l&rsquo;avenir et surtout d&rsquo;\u00e9couter les besoins de chaque client est ce qui permet \u00e0 nos v\u00e9hicules de se distinguer sur le march\u00e9 par leur \u00e9l\u00e9gance et leur personnalit\u00e9. C&rsquo;est pourquoi, [&hellip;]<\/p>\n","protected":false},"author":1,"featured_media":0,"parent":0,"menu_order":3,"comment_status":"closed","ping_status":"closed","template":"","meta":{"footnotes":""},"class_list":["post-2675","page","type-page","status-publish","hentry"],"_links":{"self":[{"href":"https:\/\/www.ellenafuneralcar.com\/fr\/wp-json\/wp\/v2\/pages\/2675","targetHints":{"allow":["GET"]}}],"collection":[{"href":"https:\/\/www.ellenafuneralcar.com\/fr\/wp-json\/wp\/v2\/pages"}],"about":[{"href":"https:\/\/www.ellenafuneralcar.com\/fr\/wp-json\/wp\/v2\/types\/page"}],"author":[{"embeddable":true,"href":"https:\/\/www.ellenafuneralcar.com\/fr\/wp-json\/wp\/v2\/users\/1"}],"replies":[{"embeddable":true,"href":"https:\/\/www.ellenafuneralcar.com\/fr\/wp-json\/wp\/v2\/comments?post=2675"}],"version-history":[{"count":5,"href":"https:\/\/www.ellenafuneralcar.com\/fr\/wp-json\/wp\/v2\/pages\/2675\/revisions"}],"predecessor-version":[{"id":5961,"href":"https:\/\/www.ellenafuneralcar.com\/fr\/wp-json\/wp\/v2\/pages\/2675\/revisions\/5961"}],"wp:attachment":[{"href":"https:\/\/www.ellenafuneralcar.com\/fr\/wp-json\/wp\/v2\/media?parent=2675"}],"curies":[{"name":"wp","href":"https:\/\/api.w.org\/{rel}","templated":true}]}}