{"id":2676,"date":"2022-06-01T06:58:59","date_gmt":"2022-06-01T04:58:59","guid":{"rendered":"https:\/\/www.ellenafuneralcar.com\/veicoli-funebri\/"},"modified":"2024-10-28T09:18:40","modified_gmt":"2024-10-28T08:18:40","slug":"vehicules-funeraires","status":"publish","type":"page","link":"https:\/\/www.ellenafuneralcar.com\/fr\/vehicules-funeraires\/","title":{"rendered":"V\u00e9hicules fun\u00e9raires"},"content":{"rendered":"\n<section class=\"wp-block-group main-banner\">\n<div class=\"wp-block-cover\"><span aria-hidden=\"true\" class=\"wp-block-cover__background has-background-dim-0 has-background-dim\"><\/span><img decoding=\"async\" width=\"1920\" height=\"591\" class=\"wp-block-cover__image-background wp-image-273\" alt=\"\" src=\"https:\/\/www.ellenafuneralcar.com\/wp-content\/uploads\/2022\/06\/background-banner-veicoli.jpg\" data-object-fit=\"cover\" srcset=\"https:\/\/www.ellenafuneralcar.com\/wp-content\/uploads\/2022\/06\/background-banner-veicoli.jpg 1920w, https:\/\/www.ellenafuneralcar.com\/wp-content\/uploads\/2022\/06\/background-banner-veicoli-300x92.jpg 300w, https:\/\/www.ellenafuneralcar.com\/wp-content\/uploads\/2022\/06\/background-banner-veicoli-1024x315.jpg 1024w, https:\/\/www.ellenafuneralcar.com\/wp-content\/uploads\/2022\/06\/background-banner-veicoli-768x236.jpg 768w, https:\/\/www.ellenafuneralcar.com\/wp-content\/uploads\/2022\/06\/background-banner-veicoli-1536x473.jpg 1536w\" sizes=\"(max-width: 1920px) 100vw, 1920px\" \/><div class=\"wp-block-cover__inner-container\">\n<div class=\"wp-block-cover is-light\"><span aria-hidden=\"true\" class=\"wp-block-cover__background has-background-dim-0 has-background-dim\"><\/span><img decoding=\"async\" width=\"1920\" height=\"590\" class=\"wp-block-cover__image-background wp-image-1068\" alt=\"\" src=\"https:\/\/www.ellenafuneralcar.com\/wp-content\/uploads\/2022\/07\/background-banner-veicoli-2.png\" data-object-fit=\"cover\" srcset=\"https:\/\/www.ellenafuneralcar.com\/wp-content\/uploads\/2022\/07\/background-banner-veicoli-2.png 1920w, https:\/\/www.ellenafuneralcar.com\/wp-content\/uploads\/2022\/07\/background-banner-veicoli-2-300x92.png 300w, https:\/\/www.ellenafuneralcar.com\/wp-content\/uploads\/2022\/07\/background-banner-veicoli-2-1024x315.png 1024w, https:\/\/www.ellenafuneralcar.com\/wp-content\/uploads\/2022\/07\/background-banner-veicoli-2-768x236.png 768w, https:\/\/www.ellenafuneralcar.com\/wp-content\/uploads\/2022\/07\/background-banner-veicoli-2-1536x472.png 1536w\" sizes=\"(max-width: 1920px) 100vw, 1920px\" \/><div class=\"wp-block-cover__inner-container\">\n<div class=\"wp-block-group container\">\n<div class=\"wp-block-columns row pt-5 pb-5\">\n<div class=\"wp-block-column col-12 col-md-6\">\n<h1 class=\"wp-block-heading text-center text-md-start\">MOD\u00c8LES ET V\u00c9HICULES FUN\u00c9RAIRES<\/h1>\n<\/div>\n\n\n\n<div class=\"wp-block-column col-12 col-md-6\"><\/div>\n<\/div>\n<\/div>\n<\/div><\/div>\n<\/div><\/div>\n<\/section>\n\n\n\n<section class=\"wp-block-group background-gunmetal-dark section-banner\">\n<div class=\"wp-block-group container\">\n<div class=\"wp-block-columns row pt-5 pb-3 justify-content-center\">\n<div class=\"wp-block-column col-10 col-lg-8 col-xl-7\">\n<h2 class=\"wp-block-heading text-center\">EXCELLENCE MADE IN ITALY<\/h2>\n\n\n\n<hr class=\"wp-block-separator has-alpha-channel-opacity separator blue-light center\"\/>\n\n\n\n<p class=\"text-center blue-light sub-paragraph\"><strong><strong>Les v\u00e9hicules de transport fun\u00e9raire sign\u00e9s Ellena sont choisis dans le monde entier par les meilleurs op\u00e9rateurs du secteur fun\u00e9raire.<\/strong><\/strong><\/p>\n\n\n\n<p class=\"text-center sub-paragraph\">Des lignes distinctives, un tr\u00e8s haut niveau de personnalisation et des options technologiques in\u00e9gal\u00e9es sont en fait les caract\u00e9ristiques qui rendent nos v\u00e9hicules fun\u00e9raires uniques sur le march\u00e9. Le choix id\u00e9al pour ceux qui recherchent une solution v\u00e9ritablement sur mesure, \u00e9l\u00e9gante et dot\u00e9e de personnalit\u00e9.<\/p>\n<\/div>\n<\/div>\n\n\n\n<div class=\"wp-block-columns row pt-3 pb-5\">\n<div class=\"wp-block-column col-12 col-md-4 d-flex flex-column justify-content-start align-items-center\">\n<figure class=\"wp-block-image size-full is-resized\"><img decoding=\"async\" width=\"143\" height=\"184\" src=\"https:\/\/www.ellenafuneralcar.com\/wp-content\/uploads\/2022\/07\/icon-1.png\" alt=\"\" class=\"wp-image-1099\" style=\"width:107px;height:138px\"\/><\/figure>\n\n\n\n<p class=\"has-text-align-center\">Jusqu&rsquo;\u00e0 5 ans<br>de garantie sur la transformation du v\u00e9hicule et les pi\u00e8ces m\u00e9caniques<\/p>\n<\/div>\n\n\n\n<div class=\"wp-block-column col-12 col-md-4 d-flex flex-column justify-content-start align-items-center\">\n<figure class=\"wp-block-image size-full is-resized\"><img decoding=\"async\" width=\"143\" height=\"184\" src=\"https:\/\/www.ellenafuneralcar.com\/wp-content\/uploads\/2022\/07\/icon-2.png\" alt=\"\" class=\"wp-image-1101\" style=\"width:107px;height:138px\"\/><\/figure>\n\n\n\n<p class=\"has-text-align-center\">Service apr\u00e8s-vente pour les clients<br>nationaux et internationaux<\/p>\n<\/div>\n\n\n\n<div class=\"wp-block-column col-12 col-md-4 d-flex flex-column justify-content-start align-items-center\">\n<figure class=\"wp-block-image size-full is-resized\"><img decoding=\"async\" width=\"143\" height=\"184\" src=\"https:\/\/www.ellenafuneralcar.com\/wp-content\/uploads\/2022\/07\/icon-3.png\" alt=\"\" class=\"wp-image-1103\" style=\"width:107px;height:138px\"\/><\/figure>\n\n\n\n<p class=\"has-text-align-center text-center sub-paragraph\">Possibilit\u00e9 d\u2019achat avec un leasing personnalis\u00e9. Par exemple, contrat de 7 ans maximum avec rachat jusqu\u2019\u00e0 25%<\/p>\n<\/div>\n<\/div>\n<\/div>\n<\/section>\n\n\n\n<section class=\"wp-block-group background-dark section-text-image\">\n<div class=\"wp-block-cover\" style=\"min-height:32vw;aspect-ratio:unset;\"><span aria-hidden=\"true\" class=\"wp-block-cover__background has-background-dim-0 has-background-dim\"><\/span><img decoding=\"async\" width=\"1920\" height=\"757\" class=\"wp-block-cover__image-background wp-image-296\" alt=\"\" src=\"https:\/\/www.ellenafuneralcar.com\/wp-content\/uploads\/2022\/06\/background-gunmetal-no-se.jpg\" data-object-fit=\"cover\" srcset=\"https:\/\/www.ellenafuneralcar.com\/wp-content\/uploads\/2022\/06\/background-gunmetal-no-se.jpg 1920w, https:\/\/www.ellenafuneralcar.com\/wp-content\/uploads\/2022\/06\/background-gunmetal-no-se-300x118.jpg 300w, https:\/\/www.ellenafuneralcar.com\/wp-content\/uploads\/2022\/06\/background-gunmetal-no-se-1024x404.jpg 1024w, https:\/\/www.ellenafuneralcar.com\/wp-content\/uploads\/2022\/06\/background-gunmetal-no-se-768x303.jpg 768w, https:\/\/www.ellenafuneralcar.com\/wp-content\/uploads\/2022\/06\/background-gunmetal-no-se-1536x606.jpg 1536w\" sizes=\"(max-width: 1920px) 100vw, 1920px\" \/><div class=\"wp-block-cover__inner-container\">\n<div class=\"wp-block-cover\"><span aria-hidden=\"true\" class=\"wp-block-cover__background has-background-dim-0 has-background-dim\"><\/span><img decoding=\"async\" width=\"1920\" height=\"761\" class=\"wp-block-cover__image-background wp-image-935\" alt=\"\" src=\"https:\/\/www.ellenafuneralcar.com\/wp-content\/uploads\/2022\/07\/background-veicoli-1.png\" data-object-fit=\"cover\" srcset=\"https:\/\/www.ellenafuneralcar.com\/wp-content\/uploads\/2022\/07\/background-veicoli-1.png 1920w, https:\/\/www.ellenafuneralcar.com\/wp-content\/uploads\/2022\/07\/background-veicoli-1-300x119.png 300w, https:\/\/www.ellenafuneralcar.com\/wp-content\/uploads\/2022\/07\/background-veicoli-1-1024x406.png 1024w, https:\/\/www.ellenafuneralcar.com\/wp-content\/uploads\/2022\/07\/background-veicoli-1-768x304.png 768w, https:\/\/www.ellenafuneralcar.com\/wp-content\/uploads\/2022\/07\/background-veicoli-1-1536x609.png 1536w\" sizes=\"(max-width: 1920px) 100vw, 1920px\" \/><div class=\"wp-block-cover__inner-container\">\n<div class=\"wp-block-group container\">\n<div class=\"wp-block-columns row pt-4 pb-4\">\n<div class=\"wp-block-column col-12 col-md-7\"><\/div>\n\n\n\n<div class=\"wp-block-column col-12 col-md-5 d-flex flex-column justify-content-center align-items-center align-items-md-start\">\n<div class=\"wp-block-group mx-md-3 d-flex flex-column align-items-center align-items-md-start\">\n<h2 class=\"wp-block-heading text-center text-md-start\">VOITURES FUN\u00c9RAIRES<\/h2>\n\n\n\n<hr class=\"wp-block-separator has-alpha-channel-opacity separator blue-light\"\/>\n\n\n\n<p class=\"w-100- text-center text-md-start sub-paragraph\">D\u00e9couvrez notre collection de v\u00e9hicules fun\u00e9raires exclusifs bas\u00e9s sur ch\u00e2ssis Mercedes Benz, Jaguar et Maserati. Personnalisables dans les moindres d\u00e9tails!<\/p>\n\n\n\n<div class=\"wp-block-buttons d-block  mt-5\">\n<div class=\"wp-block-button btn btn-border\"><a class=\"wp-block-button__link wp-element-button\" href=\"https:\/\/www.ellenafuneralcar.com\/fr\/vehicules-funeraires\/voitures-funeraires\/\">VOIR LES MOD\u00c8LES<\/a><\/div>\n<\/div>\n<\/div>\n<\/div>\n<\/div>\n<\/div>\n<\/div><\/div>\n<\/div><\/div>\n<\/section>\n\n\n\n<section class=\"wp-block-group background-dark section-text-image\">\n<div class=\"wp-block-cover\" style=\"min-height:32vw;aspect-ratio:unset;\"><span aria-hidden=\"true\" class=\"wp-block-cover__background has-background-dim-0 has-background-dim\"><\/span><img decoding=\"async\" width=\"1920\" height=\"757\" class=\"wp-block-cover__image-background wp-image-306\" alt=\"\" src=\"https:\/\/www.ellenafuneralcar.com\/wp-content\/uploads\/2022\/06\/background-gunmetal-dark-ne-so.jpg\" data-object-fit=\"cover\" srcset=\"https:\/\/www.ellenafuneralcar.com\/wp-content\/uploads\/2022\/06\/background-gunmetal-dark-ne-so.jpg 1920w, https:\/\/www.ellenafuneralcar.com\/wp-content\/uploads\/2022\/06\/background-gunmetal-dark-ne-so-300x118.jpg 300w, https:\/\/www.ellenafuneralcar.com\/wp-content\/uploads\/2022\/06\/background-gunmetal-dark-ne-so-1024x404.jpg 1024w, https:\/\/www.ellenafuneralcar.com\/wp-content\/uploads\/2022\/06\/background-gunmetal-dark-ne-so-768x303.jpg 768w, https:\/\/www.ellenafuneralcar.com\/wp-content\/uploads\/2022\/06\/background-gunmetal-dark-ne-so-1536x606.jpg 1536w\" sizes=\"(max-width: 1920px) 100vw, 1920px\" \/><div class=\"wp-block-cover__inner-container\">\n<div class=\"wp-block-cover\"><span aria-hidden=\"true\" class=\"wp-block-cover__background has-background-dim-0 has-background-dim\"><\/span><img decoding=\"async\" width=\"1920\" height=\"761\" class=\"wp-block-cover__image-background wp-image-308\" alt=\"\" src=\"https:\/\/www.ellenafuneralcar.com\/wp-content\/uploads\/2022\/06\/background-veicoli-2.png\" data-object-fit=\"cover\" srcset=\"https:\/\/www.ellenafuneralcar.com\/wp-content\/uploads\/2022\/06\/background-veicoli-2.png 1920w, https:\/\/www.ellenafuneralcar.com\/wp-content\/uploads\/2022\/06\/background-veicoli-2-300x119.png 300w, https:\/\/www.ellenafuneralcar.com\/wp-content\/uploads\/2022\/06\/background-veicoli-2-1024x406.png 1024w, https:\/\/www.ellenafuneralcar.com\/wp-content\/uploads\/2022\/06\/background-veicoli-2-768x304.png 768w, https:\/\/www.ellenafuneralcar.com\/wp-content\/uploads\/2022\/06\/background-veicoli-2-1536x609.png 1536w\" sizes=\"(max-width: 1920px) 100vw, 1920px\" \/><div class=\"wp-block-cover__inner-container\">\n<div class=\"wp-block-group container\">\n<div class=\"wp-block-columns row pt-4 pb-4\">\n<div class=\"wp-block-column col-12 col-md-5 d-flex flex-column justify-content-center align-items-center align-items-md-start\">\n<div class=\"wp-block-group mx-md-3 d-flex flex-column align-items-center align-items-md-start\">\n<h2 class=\"wp-block-heading text-center text-md-start\">FOURGONS FUN\u00c9RAIRES<\/h2>\n\n\n\n<hr class=\"wp-block-separator has-alpha-channel-opacity separator blue-light\"\/>\n\n\n\n<p class=\"w-100- w-md-70 text-center text-md-start sub-paragraph\">Trouvez avec nous le fourgon fun\u00e9raire qui r\u00e9pond le mieux \u00e0 vos besoins en termes de fonctionnalit\u00e9, d&rsquo;automatisation et d&rsquo;options avanc\u00e9es.<\/p>\n\n\n\n<div class=\"wp-block-buttons d-block  mt-5\">\n<div class=\"wp-block-button btn btn-border\"><a class=\"wp-block-button__link wp-element-button\" href=\"https:\/\/www.ellenafuneralcar.com\/fr\/vehicules-funeraires\/fourgons-funeraires\/\">VOIR LES MOD\u00c8LES<\/a><\/div>\n<\/div>\n<\/div>\n<\/div>\n\n\n\n<div class=\"wp-block-column col-12 col-md-6\"><\/div>\n<\/div>\n<\/div>\n<\/div><\/div>\n<\/div><\/div>\n<\/section>\n\n\n\n<section class=\"wp-block-group background-dark section-text-image\">\n<div class=\"wp-block-cover\" style=\"min-height:32vw;aspect-ratio:unset;\"><span aria-hidden=\"true\" class=\"wp-block-cover__background has-background-dim-0 has-background-dim\"><\/span><img decoding=\"async\" width=\"1920\" height=\"757\" class=\"wp-block-cover__image-background wp-image-296\" alt=\"\" src=\"https:\/\/www.ellenafuneralcar.com\/wp-content\/uploads\/2022\/06\/background-gunmetal-no-se.jpg\" data-object-fit=\"cover\" srcset=\"https:\/\/www.ellenafuneralcar.com\/wp-content\/uploads\/2022\/06\/background-gunmetal-no-se.jpg 1920w, https:\/\/www.ellenafuneralcar.com\/wp-content\/uploads\/2022\/06\/background-gunmetal-no-se-300x118.jpg 300w, https:\/\/www.ellenafuneralcar.com\/wp-content\/uploads\/2022\/06\/background-gunmetal-no-se-1024x404.jpg 1024w, https:\/\/www.ellenafuneralcar.com\/wp-content\/uploads\/2022\/06\/background-gunmetal-no-se-768x303.jpg 768w, https:\/\/www.ellenafuneralcar.com\/wp-content\/uploads\/2022\/06\/background-gunmetal-no-se-1536x606.jpg 1536w\" sizes=\"(max-width: 1920px) 100vw, 1920px\" \/><div class=\"wp-block-cover__inner-container\">\n<div class=\"wp-block-cover\"><span aria-hidden=\"true\" class=\"wp-block-cover__background has-background-dim-0 has-background-dim\"><\/span><img decoding=\"async\" width=\"1920\" height=\"768\" class=\"wp-block-cover__image-background wp-image-938\" alt=\"\" src=\"https:\/\/www.ellenafuneralcar.com\/wp-content\/uploads\/2022\/07\/background-veicoli-3.png\" data-object-fit=\"cover\" srcset=\"https:\/\/www.ellenafuneralcar.com\/wp-content\/uploads\/2022\/07\/background-veicoli-3.png 1920w, https:\/\/www.ellenafuneralcar.com\/wp-content\/uploads\/2022\/07\/background-veicoli-3-300x120.png 300w, https:\/\/www.ellenafuneralcar.com\/wp-content\/uploads\/2022\/07\/background-veicoli-3-1024x410.png 1024w, https:\/\/www.ellenafuneralcar.com\/wp-content\/uploads\/2022\/07\/background-veicoli-3-768x307.png 768w, https:\/\/www.ellenafuneralcar.com\/wp-content\/uploads\/2022\/07\/background-veicoli-3-1536x614.png 1536w\" sizes=\"(max-width: 1920px) 100vw, 1920px\" \/><div class=\"wp-block-cover__inner-container\">\n<div class=\"wp-block-group container\">\n<div class=\"wp-block-columns row pt-4 pb-4\">\n<div class=\"wp-block-column col-12 col-md-7\"><\/div>\n\n\n\n<div class=\"wp-block-column col-12 col-md-5 d-flex flex-column justify-content-center align-items-center align-items-md-start\">\n<div class=\"wp-block-group mx-md-3 d-flex flex-column align-items-center align-items-md-start\">\n<h2 class=\"wp-block-heading text-center text-md-start\">V\u00c9HICULES FUN\u00c9RAIRES D\u2019OCCASION<\/h2>\n\n\n\n<hr class=\"wp-block-separator has-alpha-channel-opacity separator blue-light\"\/>\n\n\n\n<p class=\"w-100- text-center text-md-start sub-paragraph\">D\u00e9couvrez les derniers v\u00e9hicules fun\u00e9raires d&rsquo;occasion disponibles dans notre showroom!<\/p>\n\n\n\n<div class=\"wp-block-buttons d-block  mt-5\">\n<div class=\"wp-block-button btn btn-border\"><a class=\"wp-block-button__link wp-element-button\" href=\"https:\/\/www.ellenafuneralcar.com\/fr\/vehicules-funeraires\/vehicules-funeraires-doccasion\/\">VOIR LES MOD\u00c8LES<\/a><\/div>\n<\/div>\n<\/div>\n<\/div>\n<\/div>\n<\/div>\n<\/div><\/div>\n<\/div><\/div>\n<\/section>\n\n\n\n<section class=\"wp-block-group\">\n<div class=\"wp-block-cover\" style=\"min-height:30vh;aspect-ratio:unset;\"><span aria-hidden=\"true\" class=\"wp-block-cover__background has-background-dim-0 has-background-dim\"><\/span><img decoding=\"async\" width=\"1920\" height=\"386\" class=\"wp-block-cover__image-background wp-image-199\" alt=\"\" src=\"https:\/\/www.ellenafuneralcar.com\/wp-content\/uploads\/2022\/06\/background-section-contact.jpg\" data-object-fit=\"cover\" srcset=\"https:\/\/www.ellenafuneralcar.com\/wp-content\/uploads\/2022\/06\/background-section-contact.jpg 1920w, https:\/\/www.ellenafuneralcar.com\/wp-content\/uploads\/2022\/06\/background-section-contact-300x60.jpg 300w, https:\/\/www.ellenafuneralcar.com\/wp-content\/uploads\/2022\/06\/background-section-contact-1024x206.jpg 1024w, https:\/\/www.ellenafuneralcar.com\/wp-content\/uploads\/2022\/06\/background-section-contact-768x154.jpg 768w, https:\/\/www.ellenafuneralcar.com\/wp-content\/uploads\/2022\/06\/background-section-contact-1536x309.jpg 1536w\" sizes=\"(max-width: 1920px) 100vw, 1920px\" \/><div class=\"wp-block-cover__inner-container\">\n<div class=\"wp-block-group container\">\n<div class=\"wp-block-columns row\">\n<div class=\"wp-block-column col-12 col-md-8\">\n<p class=\"text-center text-md-start\"><strong>Vous cherchez un v\u00e9hicule fun\u00e9raire?<\/strong><br>Prenez contact avec nous pour<br>d\u00e9couvrir la qualit\u00e9 Ellena<\/p>\n<\/div>\n\n\n\n<div class=\"wp-block-column col-12 col-md-4 d-flex align-items-center justify-content-center justify-content-md-start\">\n<div class=\"wp-block-buttons text-center text-md-start\">\n<div class=\"wp-block-button btn btn-primary\"><a class=\"wp-block-button__link wp-element-button\" href=\"https:\/\/www.ellenafuneralcar.com\/fr\/contact\/\">NOUS CONTACTER<\/a><\/div>\n<\/div>\n<\/div>\n<\/div>\n<\/div>\n<\/div><\/div>\n<\/section>\n","protected":false},"excerpt":{"rendered":"<p>EXCELLENCE MADE IN ITALY Les v\u00e9hicules de transport fun\u00e9raire sign\u00e9s Ellena sont choisis dans le monde entier par les meilleurs op\u00e9rateurs du secteur fun\u00e9raire. Des lignes distinctives, un tr\u00e8s haut niveau de personnalisation et des options technologiques in\u00e9gal\u00e9es sont en fait les caract\u00e9ristiques qui rendent nos v\u00e9hicules fun\u00e9raires uniques sur le march\u00e9. Le choix id\u00e9al [&hellip;]<\/p>\n","protected":false},"author":1,"featured_media":0,"parent":0,"menu_order":4,"comment_status":"closed","ping_status":"closed","template":"","meta":{"footnotes":""},"class_list":["post-2676","page","type-page","status-publish","hentry"],"_links":{"self":[{"href":"https:\/\/www.ellenafuneralcar.com\/fr\/wp-json\/wp\/v2\/pages\/2676","targetHints":{"allow":["GET"]}}],"collection":[{"href":"https:\/\/www.ellenafuneralcar.com\/fr\/wp-json\/wp\/v2\/pages"}],"about":[{"href":"https:\/\/www.ellenafuneralcar.com\/fr\/wp-json\/wp\/v2\/types\/page"}],"author":[{"embeddable":true,"href":"https:\/\/www.ellenafuneralcar.com\/fr\/wp-json\/wp\/v2\/users\/1"}],"replies":[{"embeddable":true,"href":"https:\/\/www.ellenafuneralcar.com\/fr\/wp-json\/wp\/v2\/comments?post=2676"}],"version-history":[{"count":5,"href":"https:\/\/www.ellenafuneralcar.com\/fr\/wp-json\/wp\/v2\/pages\/2676\/revisions"}],"predecessor-version":[{"id":5987,"href":"https:\/\/www.ellenafuneralcar.com\/fr\/wp-json\/wp\/v2\/pages\/2676\/revisions\/5987"}],"wp:attachment":[{"href":"https:\/\/www.ellenafuneralcar.com\/fr\/wp-json\/wp\/v2\/media?parent=2676"}],"curies":[{"name":"wp","href":"https:\/\/api.w.org\/{rel}","templated":true}]}}