{"id":2677,"date":"2022-06-01T19:40:54","date_gmt":"2022-06-01T17:40:54","guid":{"rendered":"https:\/\/www.ellenafuneralcar.com\/veicoli-funebri\/autofunebri\/"},"modified":"2025-03-19T13:08:12","modified_gmt":"2025-03-19T12:08:12","slug":"voitures-funeraires","status":"publish","type":"page","link":"https:\/\/www.ellenafuneralcar.com\/fr\/vehicules-funeraires\/voitures-funeraires\/","title":{"rendered":"Voitures Fun\u00e9raires"},"content":{"rendered":"\n<section class=\"wp-block-group main-banner\">\n<div class=\"wp-block-cover\"><span aria-hidden=\"true\" class=\"wp-block-cover__background has-background-dim-0 has-background-dim\"><\/span><img decoding=\"async\" width=\"1920\" height=\"591\" class=\"wp-block-cover__image-background wp-image-273\" alt=\"\" src=\"https:\/\/www.ellenafuneralcar.com\/wp-content\/uploads\/2022\/06\/background-banner-veicoli.jpg\" data-object-fit=\"cover\" srcset=\"https:\/\/www.ellenafuneralcar.com\/wp-content\/uploads\/2022\/06\/background-banner-veicoli.jpg 1920w, https:\/\/www.ellenafuneralcar.com\/wp-content\/uploads\/2022\/06\/background-banner-veicoli-300x92.jpg 300w, https:\/\/www.ellenafuneralcar.com\/wp-content\/uploads\/2022\/06\/background-banner-veicoli-1024x315.jpg 1024w, https:\/\/www.ellenafuneralcar.com\/wp-content\/uploads\/2022\/06\/background-banner-veicoli-768x236.jpg 768w, https:\/\/www.ellenafuneralcar.com\/wp-content\/uploads\/2022\/06\/background-banner-veicoli-1536x473.jpg 1536w\" sizes=\"(max-width: 1920px) 100vw, 1920px\" \/><div class=\"wp-block-cover__inner-container\">\n<div class=\"wp-block-cover\"><span aria-hidden=\"true\" class=\"wp-block-cover__background has-background-dim-0 has-background-dim\" style=\"background-color:#615f5d\"><\/span><img decoding=\"async\" width=\"1920\" height=\"593\" class=\"wp-block-cover__image-background wp-image-7237\" alt=\"\" src=\"https:\/\/www.ellenafuneralcar.com\/wp-content\/uploads\/2025\/03\/site-item-mercedez-benz-e-514_edit_dimensioni.png\" data-object-fit=\"cover\" srcset=\"https:\/\/www.ellenafuneralcar.com\/wp-content\/uploads\/2025\/03\/site-item-mercedez-benz-e-514_edit_dimensioni.png 1920w, https:\/\/www.ellenafuneralcar.com\/wp-content\/uploads\/2025\/03\/site-item-mercedez-benz-e-514_edit_dimensioni-300x93.png 300w, https:\/\/www.ellenafuneralcar.com\/wp-content\/uploads\/2025\/03\/site-item-mercedez-benz-e-514_edit_dimensioni-1024x316.png 1024w, https:\/\/www.ellenafuneralcar.com\/wp-content\/uploads\/2025\/03\/site-item-mercedez-benz-e-514_edit_dimensioni-768x237.png 768w, https:\/\/www.ellenafuneralcar.com\/wp-content\/uploads\/2025\/03\/site-item-mercedez-benz-e-514_edit_dimensioni-1536x474.png 1536w\" sizes=\"(max-width: 1920px) 100vw, 1920px\" \/><div class=\"wp-block-cover__inner-container\">\n<div class=\"wp-block-group container\">\n<div class=\"wp-block-columns row pt-5 pb-5\">\n<div class=\"wp-block-column col-12 col-md-6\">\n<h1 class=\"wp-block-heading text-center text-md-start\"><strong>VOITURES FUN\u00c9RAIRES<\/strong><\/h1>\n<\/div>\n\n\n\n<div class=\"wp-block-column col-12 col-md-6\"><\/div>\n<\/div>\n<\/div>\n<\/div><\/div>\n<\/div><\/div>\n<\/section>\n\n\n\n<section class=\"wp-block-group background-gunmetal-dark\">\n<div class=\"wp-block-group container\">\n<div class=\"wp-block-columns row pt-8 pb-4 justify-content-center justify-content-md-start\">\n<div class=\"wp-block-column col-10 col-lg-8 col-xl-8 justify-content-center align-items-center d-flex flex-column align-items-md-start\">\n<h2 class=\"wp-block-heading text-center text-md-start\">V\u00c9HICULES FUN\u00c9RAIRES MADE IN ITALY R\u00c9ALIS\u00c9S SUR MESURE<\/h2>\n\n\n\n<hr class=\"wp-block-separator has-alpha-channel-opacity separator blue-light\"\/>\n\n\n\n<p class=\"blue-light text-center text-md-start sub-paragraph\"><strong>Nos v\u00e9hicules fun\u00e9raires repr\u00e9sentent un standard mondial d&rsquo;\u00e9l\u00e9gance et de perfection.<\/strong><\/p>\n\n\n\n<p class=\"text-center text-md-start sub-paragraph\">Construites sur des m\u00e9caniques Mercedes Benz, Jaguar et Maserati, elles se distinguent par leurs lignes ext\u00e9rieures uniques et les nombreuses options de personnalisation offertes \u00e0 nos clients. Des finitions haut de gamme aux accessoires, des couleurs aux automatisations, d\u00e9veloppez avec nous la bonne solution!<\/p>\n<\/div>\n<\/div>\n<\/div>\n<\/section>\n\n\n\n<section class=\"wp-block-group background-gunmetal-dark pb-5\">\n<div class=\"wp-block-group container\">\n<div class=\"wp-block-columns row justify-content-center\">\n<div class=\"wp-block-column col-12 col-md-6\">\n<div class=\"wp-block-group autofunebri-model-item\">\n<h5 class=\"wp-block-heading\">MERCEDES EMQE<\/h5>\n\n\n\n<figure class=\"wp-block-image size-full\"><img decoding=\"async\" width=\"700\" height=\"320\" src=\"https:\/\/www.ellenafuneralcar.com\/wp-content\/uploads\/2024\/06\/EMQE-05-ps-carosello.png\" alt=\"\" class=\"wp-image-5073\" srcset=\"https:\/\/www.ellenafuneralcar.com\/wp-content\/uploads\/2024\/06\/EMQE-05-ps-carosello.png 700w, https:\/\/www.ellenafuneralcar.com\/wp-content\/uploads\/2024\/06\/EMQE-05-ps-carosello-300x137.png 300w\" sizes=\"(max-width: 700px) 100vw, 700px\" \/><\/figure>\n\n\n\n<div class=\"wp-block-buttons\">\n<div class=\"wp-block-button btn btn-border\"><a class=\"wp-block-button__link wp-element-button\" href=\"https:\/\/www.ellenafuneralcar.com\/fr\/vehicules-funeraires\/voitures-funeraires\/emqe-mercedes-eqe\">D\u00e9couvrez les d\u00e9tails<\/a><\/div>\n<\/div>\n<\/div>\n<\/div>\n\n\n\n<div class=\"wp-block-column col-12 col-md-6\">\n<div class=\"wp-block-group autofunebri-model-item\">\n<h5 class=\"wp-block-heading\">MASERATI&nbsp; G3.0<\/h5>\n\n\n\n<figure class=\"wp-block-image size-full\"><img decoding=\"async\" width=\"700\" height=\"320\" src=\"https:\/\/www.ellenafuneralcar.com\/wp-content\/uploads\/2022\/07\/slide-item-maserati.png\" alt=\"\" class=\"wp-image-994\" srcset=\"https:\/\/www.ellenafuneralcar.com\/wp-content\/uploads\/2022\/07\/slide-item-maserati.png 700w, https:\/\/www.ellenafuneralcar.com\/wp-content\/uploads\/2022\/07\/slide-item-maserati-300x137.png 300w\" sizes=\"(max-width: 700px) 100vw, 700px\" \/><\/figure>\n\n\n\n<div class=\"wp-block-buttons\">\n<div class=\"wp-block-button btn btn-border\"><a class=\"wp-block-button__link wp-element-button\" href=\"https:\/\/www.ellenafuneralcar.com\/fr\/vehicules-funeraires\/voitures-funeraires\/maserati-g3-0\/\">D\u00e9couvrez les d\u00e9tails<\/a><\/div>\n<\/div>\n<\/div>\n<\/div>\n<\/div>\n\n\n\n<div class=\"wp-block-columns row justify-content-center\">\n<div class=\"wp-block-column col-12 col-md-6\">\n<div class=\"wp-block-group autofunebri-model-item\">\n<h5 class=\"wp-block-heading\">MERCEDES BENZ E513<br>HYBRID<\/h5>\n\n\n\n<figure class=\"wp-block-image size-full\"><img decoding=\"async\" width=\"700\" height=\"320\" src=\"https:\/\/www.ellenafuneralcar.com\/wp-content\/uploads\/2022\/07\/site-item-mercedez-benz-e-513-hybrid.png\" alt=\"\" class=\"wp-image-988\" srcset=\"https:\/\/www.ellenafuneralcar.com\/wp-content\/uploads\/2022\/07\/site-item-mercedez-benz-e-513-hybrid.png 700w, https:\/\/www.ellenafuneralcar.com\/wp-content\/uploads\/2022\/07\/site-item-mercedez-benz-e-513-hybrid-300x137.png 300w\" sizes=\"(max-width: 700px) 100vw, 700px\" \/><\/figure>\n\n\n\n<div class=\"wp-block-buttons\">\n<div class=\"wp-block-button btn btn-border\"><a class=\"wp-block-button__link wp-element-button\" href=\"https:\/\/www.ellenafuneralcar.com\/fr\/vehicules-funeraires\/voitures-funeraires\/mercedes-benz-e513-hybrid\/\">D\u00e9couvrez les d\u00e9tails<\/a><\/div>\n<\/div>\n<\/div>\n<\/div>\n\n\n\n<div class=\"wp-block-column col-12 col-md-6\">\n<div class=\"wp-block-group autofunebri-model-item\">\n<h5 class=\"wp-block-heading\">MERCEDES BENZ E514<\/h5>\n\n\n\n<figure class=\"wp-block-image size-full\"><img decoding=\"async\" width=\"700\" height=\"320\" src=\"https:\/\/www.ellenafuneralcar.com\/wp-content\/uploads\/2025\/03\/E514-08-ps-carosello.png\" alt=\"\" class=\"wp-image-7187\" srcset=\"https:\/\/www.ellenafuneralcar.com\/wp-content\/uploads\/2025\/03\/E514-08-ps-carosello.png 700w, https:\/\/www.ellenafuneralcar.com\/wp-content\/uploads\/2025\/03\/E514-08-ps-carosello-300x137.png 300w\" sizes=\"(max-width: 700px) 100vw, 700px\" \/><\/figure>\n\n\n\n<div class=\"wp-block-buttons\">\n<div class=\"wp-block-button btn btn-border\"><a class=\"wp-block-button__link wp-element-button\" href=\"https:\/\/www.ellenafuneralcar.com\/fr\/vehicules-funeraires\/voitures-funeraires\/mercedes-benz-e514\/\">D\u00e9couvrez les d\u00e9tails<\/a><\/div>\n<\/div>\n<\/div>\n<\/div>\n<\/div>\n\n\n\n<div class=\"wp-block-columns row justify-content-center d-none\">\n<div class=\"wp-block-column col-12 col-md-6\">\n<div class=\"wp-block-group autofunebri-model-item\">\n<h5 class=\"wp-block-heading\">MERCEDES BENZ E213<br>HYBRID<\/h5>\n\n\n\n<figure class=\"wp-block-image size-full\"><img decoding=\"async\" width=\"700\" height=\"320\" src=\"https:\/\/www.ellenafuneralcar.com\/wp-content\/uploads\/2022\/07\/site-item-mercedez-benz-e-2123-hybrid.png\" alt=\"\" class=\"wp-image-990\" srcset=\"https:\/\/www.ellenafuneralcar.com\/wp-content\/uploads\/2022\/07\/site-item-mercedez-benz-e-2123-hybrid.png 700w, https:\/\/www.ellenafuneralcar.com\/wp-content\/uploads\/2022\/07\/site-item-mercedez-benz-e-2123-hybrid-300x137.png 300w\" sizes=\"(max-width: 700px) 100vw, 700px\" \/><\/figure>\n\n\n\n<div class=\"wp-block-buttons\">\n<div class=\"wp-block-button btn btn-border\"><a class=\"wp-block-button__link wp-element-button\" href=\"https:\/\/www.ellenafuneralcar.com\/fr\/vehicules-funeraires\/voitures-funeraires\/mercedes-benz-e213-hybrid\/\">D\u00e9couvrez les d\u00e9tails<\/a><\/div>\n<\/div>\n<\/div>\n<\/div>\n\n\n\n<div class=\"wp-block-column col-12 col-md-6\">\n<div class=\"wp-block-group autofunebri-model-item\">\n<h5 class=\"wp-block-heading\">MERCEDES BENZ E213<\/h5>\n\n\n\n<figure class=\"wp-block-image size-full\"><img decoding=\"async\" width=\"700\" height=\"320\" src=\"https:\/\/www.ellenafuneralcar.com\/wp-content\/uploads\/2022\/07\/site-item-mercedez-benz-e-2123.png\" alt=\"\" class=\"wp-image-1123\" srcset=\"https:\/\/www.ellenafuneralcar.com\/wp-content\/uploads\/2022\/07\/site-item-mercedez-benz-e-2123.png 700w, https:\/\/www.ellenafuneralcar.com\/wp-content\/uploads\/2022\/07\/site-item-mercedez-benz-e-2123-300x137.png 300w\" sizes=\"(max-width: 700px) 100vw, 700px\" \/><\/figure>\n\n\n\n<div class=\"wp-block-buttons\">\n<div class=\"wp-block-button btn btn-border\"><a class=\"wp-block-button__link wp-element-button\" href=\"https:\/\/www.ellenafuneralcar.com\/fr\/vehicules-funeraires\/voitures-funeraires\/mercedes-benz-e213\/\">D\u00e9couvrez les d\u00e9tails<\/a><\/div>\n<\/div>\n<\/div>\n<\/div>\n<\/div>\n\n\n\n<div class=\"wp-block-columns row justify-content-center\">\n<div class=\"wp-block-column col-12 col-md-6\">\n<div class=\"wp-block-group autofunebri-model-item\">\n<h5 class=\"wp-block-heading\">JAGUAR J40<\/h5>\n\n\n\n<figure class=\"wp-block-image size-full\"><img decoding=\"async\" width=\"700\" height=\"320\" src=\"https:\/\/www.ellenafuneralcar.com\/wp-content\/uploads\/2022\/07\/slide-item-jaguar.png\" alt=\"\" class=\"wp-image-992\" srcset=\"https:\/\/www.ellenafuneralcar.com\/wp-content\/uploads\/2022\/07\/slide-item-jaguar.png 700w, https:\/\/www.ellenafuneralcar.com\/wp-content\/uploads\/2022\/07\/slide-item-jaguar-300x137.png 300w\" sizes=\"(max-width: 700px) 100vw, 700px\" \/><\/figure>\n\n\n\n<div class=\"wp-block-buttons\">\n<div class=\"wp-block-button btn btn-border\"><a class=\"wp-block-button__link wp-element-button\" href=\"https:\/\/www.ellenafuneralcar.com\/fr\/vehicules-funeraires\/voitures-funeraires\/jaguar-j40\/\">D\u00e9couvrez les d\u00e9tails<\/a><\/div>\n<\/div>\n<\/div>\n<\/div>\n<\/div>\n<\/div>\n<\/section>\n\n\n\n<section class=\"wp-block-group\">\n<div class=\"wp-block-cover\" style=\"min-height:30vh;aspect-ratio:unset;\"><span aria-hidden=\"true\" class=\"wp-block-cover__background has-background-dim-0 has-background-dim\"><\/span><img decoding=\"async\" width=\"1920\" height=\"386\" class=\"wp-block-cover__image-background wp-image-199\" alt=\"\" src=\"https:\/\/www.ellenafuneralcar.com\/wp-content\/uploads\/2022\/06\/background-section-contact.jpg\" data-object-fit=\"cover\" srcset=\"https:\/\/www.ellenafuneralcar.com\/wp-content\/uploads\/2022\/06\/background-section-contact.jpg 1920w, https:\/\/www.ellenafuneralcar.com\/wp-content\/uploads\/2022\/06\/background-section-contact-300x60.jpg 300w, https:\/\/www.ellenafuneralcar.com\/wp-content\/uploads\/2022\/06\/background-section-contact-1024x206.jpg 1024w, https:\/\/www.ellenafuneralcar.com\/wp-content\/uploads\/2022\/06\/background-section-contact-768x154.jpg 768w, https:\/\/www.ellenafuneralcar.com\/wp-content\/uploads\/2022\/06\/background-section-contact-1536x309.jpg 1536w\" sizes=\"(max-width: 1920px) 100vw, 1920px\" \/><div class=\"wp-block-cover__inner-container\">\n<div class=\"wp-block-group container\">\n<div class=\"wp-block-columns row\">\n<div class=\"wp-block-column col-12 col-md-8\">\n<p class=\"text-center text-md-start\"><strong><strong>Vous cherchez un v\u00e9hicule fun\u00e9raire<\/strong>?<\/strong><br>Prenez contact avec nous pour<br>d\u00e9couvrir la qualit\u00e9 Ellena<\/p>\n<\/div>\n\n\n\n<div class=\"wp-block-column col-12 col-md-4 d-flex align-items-center justify-content-center justify-content-md-start\">\n<div class=\"wp-block-buttons text-center text-md-start\">\n<div class=\"wp-block-button btn btn-primary\"><a class=\"wp-block-button__link wp-element-button\" href=\"https:\/\/www.ellenafuneralcar.com\/fr\/contact\/\">NOUS CONTACTER<\/a><\/div>\n<\/div>\n<\/div>\n<\/div>\n<\/div>\n<\/div><\/div>\n<\/section>\n","protected":false},"excerpt":{"rendered":"<p>V\u00c9HICULES FUN\u00c9RAIRES MADE IN ITALY R\u00c9ALIS\u00c9S SUR MESURE Nos v\u00e9hicules fun\u00e9raires repr\u00e9sentent un standard mondial d&rsquo;\u00e9l\u00e9gance et de perfection. Construites sur des m\u00e9caniques Mercedes Benz, Jaguar et Maserati, elles se distinguent par leurs lignes ext\u00e9rieures uniques et les nombreuses options de personnalisation offertes \u00e0 nos clients. Des finitions haut de gamme aux accessoires, des couleurs [&hellip;]<\/p>\n","protected":false},"author":1,"featured_media":0,"parent":2676,"menu_order":0,"comment_status":"closed","ping_status":"closed","template":"","meta":{"footnotes":""},"class_list":["post-2677","page","type-page","status-publish","hentry"],"_links":{"self":[{"href":"https:\/\/www.ellenafuneralcar.com\/fr\/wp-json\/wp\/v2\/pages\/2677","targetHints":{"allow":["GET"]}}],"collection":[{"href":"https:\/\/www.ellenafuneralcar.com\/fr\/wp-json\/wp\/v2\/pages"}],"about":[{"href":"https:\/\/www.ellenafuneralcar.com\/fr\/wp-json\/wp\/v2\/types\/page"}],"author":[{"embeddable":true,"href":"https:\/\/www.ellenafuneralcar.com\/fr\/wp-json\/wp\/v2\/users\/1"}],"replies":[{"embeddable":true,"href":"https:\/\/www.ellenafuneralcar.com\/fr\/wp-json\/wp\/v2\/comments?post=2677"}],"version-history":[{"count":12,"href":"https:\/\/www.ellenafuneralcar.com\/fr\/wp-json\/wp\/v2\/pages\/2677\/revisions"}],"predecessor-version":[{"id":7272,"href":"https:\/\/www.ellenafuneralcar.com\/fr\/wp-json\/wp\/v2\/pages\/2677\/revisions\/7272"}],"up":[{"embeddable":true,"href":"https:\/\/www.ellenafuneralcar.com\/fr\/wp-json\/wp\/v2\/pages\/2676"}],"wp:attachment":[{"href":"https:\/\/www.ellenafuneralcar.com\/fr\/wp-json\/wp\/v2\/media?parent=2677"}],"curies":[{"name":"wp","href":"https:\/\/api.w.org\/{rel}","templated":true}]}}