{"id":2680,"date":"2022-07-19T10:16:01","date_gmt":"2022-07-19T08:16:01","guid":{"rendered":"https:\/\/www.ellenafuneralcar.com\/veicoli-funebri\/autofunebri\/mercedes-benz-e513\/"},"modified":"2025-03-19T13:06:01","modified_gmt":"2025-03-19T12:06:01","slug":"mercedes-benz-e514","status":"publish","type":"page","link":"https:\/\/www.ellenafuneralcar.com\/fr\/vehicules-funeraires\/voitures-funeraires\/mercedes-benz-e514\/","title":{"rendered":"Mercedes Benz E514"},"content":{"rendered":"\n<section class=\"wp-block-group main-banner\">\n<div class=\"wp-block-cover\"><span aria-hidden=\"true\" class=\"wp-block-cover__background has-background-dim-0 has-background-dim\"><\/span><img decoding=\"async\" width=\"1920\" height=\"917\" class=\"wp-block-cover__image-background wp-image-578\" alt=\"\" src=\"https:\/\/www.ellenafuneralcar.com\/wp-content\/uploads\/2022\/06\/background-banner-product-detail.jpg\" data-object-fit=\"cover\" srcset=\"https:\/\/www.ellenafuneralcar.com\/wp-content\/uploads\/2022\/06\/background-banner-product-detail.jpg 1920w, https:\/\/www.ellenafuneralcar.com\/wp-content\/uploads\/2022\/06\/background-banner-product-detail-300x143.jpg 300w, https:\/\/www.ellenafuneralcar.com\/wp-content\/uploads\/2022\/06\/background-banner-product-detail-1024x489.jpg 1024w, https:\/\/www.ellenafuneralcar.com\/wp-content\/uploads\/2022\/06\/background-banner-product-detail-768x367.jpg 768w, https:\/\/www.ellenafuneralcar.com\/wp-content\/uploads\/2022\/06\/background-banner-product-detail-1536x734.jpg 1536w\" sizes=\"(max-width: 1920px) 100vw, 1920px\" \/><div class=\"wp-block-cover__inner-container\">\n<div class=\"wp-block-group container\">\n<div class=\"wp-block-columns row pt-5 pb-5\">\n<div class=\"wp-block-column col-12 col-md-5 d-flex flex-column justify-content-center\">\n<h1 class=\"wp-block-heading text-center text-md-start\">MERCEDES BENZ E514<\/h1>\n\n\n\n<p class=\"text-center text-md-start blue-light\">V\u00e9hicules fun\u00e9raires Mercedes Benz<\/p>\n<\/div>\n\n\n\n<div class=\"wp-block-column col-12 col-md-7\">\n<figure class=\"wp-block-image size-full\"><img decoding=\"async\" width=\"700\" height=\"320\" src=\"https:\/\/www.ellenafuneralcar.com\/wp-content\/uploads\/2025\/03\/E514-08-ps-carosello.png\" alt=\"\" class=\"wp-image-7187\" srcset=\"https:\/\/www.ellenafuneralcar.com\/wp-content\/uploads\/2025\/03\/E514-08-ps-carosello.png 700w, https:\/\/www.ellenafuneralcar.com\/wp-content\/uploads\/2025\/03\/E514-08-ps-carosello-300x137.png 300w\" sizes=\"(max-width: 700px) 100vw, 700px\" \/><\/figure>\n<\/div>\n<\/div>\n<\/div>\n<\/div><\/div>\n<\/section>\n\n\n\n<section class=\"wp-block-group background-gunmetal-dark\">\n<div class=\"wp-block-group container\">\n<div class=\"wp-block-columns row pt-5\">\n<div class=\"wp-block-column col-12\">\n<figure class=\"wp-block-gallery has-nested-images columns-default is-cropped slick-gallery with-thumbnails wp-block-gallery-1\">\n<figure class=\"wp-block-image size-full\"><img decoding=\"async\" width=\"1024\" height=\"576\" data-id=\"7160\" src=\"https:\/\/www.ellenafuneralcar.com\/wp-content\/uploads\/2025\/03\/E514-gallery_1.png\" alt=\"\" class=\"wp-image-7160\" srcset=\"https:\/\/www.ellenafuneralcar.com\/wp-content\/uploads\/2025\/03\/E514-gallery_1.png 1024w, https:\/\/www.ellenafuneralcar.com\/wp-content\/uploads\/2025\/03\/E514-gallery_1-300x169.png 300w, https:\/\/www.ellenafuneralcar.com\/wp-content\/uploads\/2025\/03\/E514-gallery_1-768x432.png 768w\" sizes=\"(max-width: 1024px) 100vw, 1024px\" \/><\/figure>\n\n\n\n<figure class=\"wp-block-image size-full\"><img decoding=\"async\" width=\"1024\" height=\"576\" data-id=\"7163\" src=\"https:\/\/www.ellenafuneralcar.com\/wp-content\/uploads\/2025\/03\/E514-gallery_2.png\" alt=\"\" class=\"wp-image-7163\" srcset=\"https:\/\/www.ellenafuneralcar.com\/wp-content\/uploads\/2025\/03\/E514-gallery_2.png 1024w, https:\/\/www.ellenafuneralcar.com\/wp-content\/uploads\/2025\/03\/E514-gallery_2-300x169.png 300w, https:\/\/www.ellenafuneralcar.com\/wp-content\/uploads\/2025\/03\/E514-gallery_2-768x432.png 768w\" sizes=\"(max-width: 1024px) 100vw, 1024px\" \/><\/figure>\n\n\n\n<figure class=\"wp-block-image size-full\"><img decoding=\"async\" width=\"1024\" height=\"576\" data-id=\"7166\" src=\"https:\/\/www.ellenafuneralcar.com\/wp-content\/uploads\/2025\/03\/E514-gallery_3.png\" alt=\"\" class=\"wp-image-7166\" srcset=\"https:\/\/www.ellenafuneralcar.com\/wp-content\/uploads\/2025\/03\/E514-gallery_3.png 1024w, https:\/\/www.ellenafuneralcar.com\/wp-content\/uploads\/2025\/03\/E514-gallery_3-300x169.png 300w, https:\/\/www.ellenafuneralcar.com\/wp-content\/uploads\/2025\/03\/E514-gallery_3-768x432.png 768w\" sizes=\"(max-width: 1024px) 100vw, 1024px\" \/><\/figure>\n\n\n\n<figure class=\"wp-block-image size-full\"><img decoding=\"async\" width=\"1024\" height=\"576\" data-id=\"7169\" src=\"https:\/\/www.ellenafuneralcar.com\/wp-content\/uploads\/2025\/03\/E514-gallery_4.png\" alt=\"\" class=\"wp-image-7169\" srcset=\"https:\/\/www.ellenafuneralcar.com\/wp-content\/uploads\/2025\/03\/E514-gallery_4.png 1024w, https:\/\/www.ellenafuneralcar.com\/wp-content\/uploads\/2025\/03\/E514-gallery_4-300x169.png 300w, https:\/\/www.ellenafuneralcar.com\/wp-content\/uploads\/2025\/03\/E514-gallery_4-768x432.png 768w\" sizes=\"(max-width: 1024px) 100vw, 1024px\" \/><\/figure>\n\n\n\n<figure class=\"wp-block-image size-full\"><img decoding=\"async\" width=\"1024\" height=\"576\" data-id=\"7173\" src=\"https:\/\/www.ellenafuneralcar.com\/wp-content\/uploads\/2025\/03\/E514-gallery_5.png\" alt=\"\" class=\"wp-image-7173\" srcset=\"https:\/\/www.ellenafuneralcar.com\/wp-content\/uploads\/2025\/03\/E514-gallery_5.png 1024w, https:\/\/www.ellenafuneralcar.com\/wp-content\/uploads\/2025\/03\/E514-gallery_5-300x169.png 300w, https:\/\/www.ellenafuneralcar.com\/wp-content\/uploads\/2025\/03\/E514-gallery_5-768x432.png 768w\" sizes=\"(max-width: 1024px) 100vw, 1024px\" \/><\/figure>\n\n\n\n<figure class=\"wp-block-image size-full\"><img decoding=\"async\" width=\"1024\" height=\"576\" data-id=\"7176\" src=\"https:\/\/www.ellenafuneralcar.com\/wp-content\/uploads\/2025\/03\/E514-gallery_6.png\" alt=\"\" class=\"wp-image-7176\" srcset=\"https:\/\/www.ellenafuneralcar.com\/wp-content\/uploads\/2025\/03\/E514-gallery_6.png 1024w, https:\/\/www.ellenafuneralcar.com\/wp-content\/uploads\/2025\/03\/E514-gallery_6-300x169.png 300w, https:\/\/www.ellenafuneralcar.com\/wp-content\/uploads\/2025\/03\/E514-gallery_6-768x432.png 768w\" sizes=\"(max-width: 1024px) 100vw, 1024px\" \/><\/figure>\n\n\n\n<figure class=\"wp-block-image size-full\"><img decoding=\"async\" width=\"1024\" height=\"576\" data-id=\"7179\" src=\"https:\/\/www.ellenafuneralcar.com\/wp-content\/uploads\/2025\/03\/E514-gallery_7.png\" alt=\"\" class=\"wp-image-7179\" srcset=\"https:\/\/www.ellenafuneralcar.com\/wp-content\/uploads\/2025\/03\/E514-gallery_7.png 1024w, https:\/\/www.ellenafuneralcar.com\/wp-content\/uploads\/2025\/03\/E514-gallery_7-300x169.png 300w, https:\/\/www.ellenafuneralcar.com\/wp-content\/uploads\/2025\/03\/E514-gallery_7-768x432.png 768w\" sizes=\"(max-width: 1024px) 100vw, 1024px\" \/><\/figure>\n<\/figure>\n<\/div>\n<\/div>\n\n\n\n<div class=\"wp-block-columns row py-5\">\n<div class=\"wp-block-column col-12\">\n<nav class=\"wp-block-bootstrap-nav-tabs\">\n<div id=\"nav-tab\" class=\"wp-block-bootstrap-nav-tablist nav nav-tabs\" role=\"tablist\">\n<button class=\"nav-link active\" id=\"nav-technical-tab\" data-bs-toggle=\"tab\" data-bs-target=\"#nav-technical\" type=\"button\" role=\"tab\" aria-controls=\"nav-technical\" aria-selected=\"true\">Caract\u00e9ristiques <br>techniques<\/button>\n    <button class=\"nav-link\" id=\"nav-equipment-tab\" data-bs-toggle=\"tab\" data-bs-target=\"#nav-equipment\" type=\"button\" role=\"tab\" aria-controls=\"nav-equipment\" aria-selected=\"false\">Caract\u00e9ristiques et <br>\u00e9quipement de s\u00e9rie<\/button>\n    <button class=\"nav-link\" id=\"nav-accesories-tab\" data-bs-toggle=\"tab\" data-bs-target=\"#nav-accesories\" type=\"button\" role=\"tab\" aria-controls=\"nav-accesories\" aria-selected=\"false\">Accessoires <br>sur demande<\/button>\n<\/div>\n<\/nav>\n\n\n\n<div id=\"nav-tabContent\" class=\"wp-block-group tab-content\">\n<div id=\"nav-technical\" class=\"wp-block-group tab-pane fade show active\">\n<figure class=\"wp-block-table product-table\"><table><tbody><tr><td>Mod\u00e8le:<\/td><td>Ellena E513 sur ch\u00e2ssis Mercedes E220 D SW<\/td><\/tr><tr><td>Alimentation:<\/td><td>Diesel<\/td><\/tr><tr><td>Bo\u00eete de vitesses:<\/td><td>Automatique 9 G-tronic plus<\/td><\/tr><tr><td>Motorisation:<\/td><td>145 kW<\/td><\/tr><tr><td>Empattement:<\/td><td>4100 mm<\/td><\/tr><tr><td>Longueur:<\/td><td>6444 mm<\/td><\/tr><tr><td>Largeur:<\/td><td>1860 mm<\/td><\/tr><tr><td>Longueur compartiment cercueil:<\/td><td>2350 mm<\/td><\/tr><tr><td>Hauteur compartiment cercueil:<\/td><td>950 mm<\/td><\/tr><\/tbody><\/table><\/figure>\n<\/div>\n\n\n\n<div id=\"nav-equipment\" class=\"wp-block-group tab-pane fade show pt-3\">\n<ul class=\"wp-block-list\">\n<li>Audio 20 USB<\/li>\n\n\n\n<li>Pav\u00e9 tactile<\/li>\n\n\n\n<li>Climatisation automatique bizone<\/li>\n\n\n\n<li>Mirror package<\/li>\n\n\n\n<li>Monocoque en fibre de verre<\/li>\n\n\n\n<li>Vitres courbes de s\u00e9curit\u00e9 tremp\u00e9es<\/li>\n\n\n\n<li>Profils ext\u00e9rieurs en acier inoxydable<\/li>\n\n\n\n<li>L\u00e8ve-cercueil hydraulique<\/li>\n\n\n\n<li>\u00c9clairage int\u00e9rieur LED<\/li>\n\n\n\n<li>Plancher en verre tremp\u00e9<\/li>\n\n\n\n<li>Nivelleur de charge<\/li>\n\n\n\n<li>Peinture m\u00e9tallis\u00e9e<\/li>\n\n\n\n<li>Hayon automatique<\/li>\n\n\n\n<li>Syst\u00e8me audio<\/li>\n\n\n\n<li>Jantes en alliage 17\u201d<\/li>\n\n\n\n<li>Rev\u00eatement du compartiment fun\u00e9raire en cuir<\/li>\n\n\n\n<li>Croix amovible en acier inoxydable<\/li>\n<\/ul>\n<\/div>\n\n\n\n<div id=\"nav-accesories\" class=\"wp-block-group tab-pane fade show pt-3\">\n<ul class=\"wp-block-list\">\n<li>Plateau automatique<\/li>\n\n\n\n<li>Vitres teint\u00e9es<\/li>\n\n\n\n<li>Suspensions automatiques<\/li>\n\n\n\n<li>Toit de voiture \u00ab\u00a0carbon look\u00a0\u00bb<\/li>\n<\/ul>\n<\/div>\n<\/div>\n<\/div>\n<\/div>\n<\/div>\n<\/section>\n","protected":false},"excerpt":{"rendered":"<p>Mod\u00e8le: Ellena E513 sur ch\u00e2ssis Mercedes E220 D SW Alimentation: Diesel Bo\u00eete de vitesses: Automatique 9 G-tronic plus Motorisation: 145 kW Empattement: 4100 mm Longueur: 6444 mm Largeur: 1860 mm Longueur compartiment cercueil: 2350 mm Hauteur compartiment cercueil: 950 mm<\/p>\n","protected":false},"author":1,"featured_media":0,"parent":2677,"menu_order":2,"comment_status":"closed","ping_status":"closed","template":"","meta":{"footnotes":""},"class_list":["post-2680","page","type-page","status-publish","hentry"],"_links":{"self":[{"href":"https:\/\/www.ellenafuneralcar.com\/fr\/wp-json\/wp\/v2\/pages\/2680","targetHints":{"allow":["GET"]}}],"collection":[{"href":"https:\/\/www.ellenafuneralcar.com\/fr\/wp-json\/wp\/v2\/pages"}],"about":[{"href":"https:\/\/www.ellenafuneralcar.com\/fr\/wp-json\/wp\/v2\/types\/page"}],"author":[{"embeddable":true,"href":"https:\/\/www.ellenafuneralcar.com\/fr\/wp-json\/wp\/v2\/users\/1"}],"replies":[{"embeddable":true,"href":"https:\/\/www.ellenafuneralcar.com\/fr\/wp-json\/wp\/v2\/comments?post=2680"}],"version-history":[{"count":8,"href":"https:\/\/www.ellenafuneralcar.com\/fr\/wp-json\/wp\/v2\/pages\/2680\/revisions"}],"predecessor-version":[{"id":7270,"href":"https:\/\/www.ellenafuneralcar.com\/fr\/wp-json\/wp\/v2\/pages\/2680\/revisions\/7270"}],"up":[{"embeddable":true,"href":"https:\/\/www.ellenafuneralcar.com\/fr\/wp-json\/wp\/v2\/pages\/2677"}],"wp:attachment":[{"href":"https:\/\/www.ellenafuneralcar.com\/fr\/wp-json\/wp\/v2\/media?parent=2680"}],"curies":[{"name":"wp","href":"https:\/\/api.w.org\/{rel}","templated":true}]}}