{"id":2683,"date":"2022-07-19T10:18:11","date_gmt":"2022-07-19T08:18:11","guid":{"rendered":"https:\/\/www.ellenafuneralcar.com\/veicoli-funebri\/autofunebri\/jaguar-j40\/"},"modified":"2024-10-28T09:42:30","modified_gmt":"2024-10-28T08:42:30","slug":"jaguar-j40","status":"publish","type":"page","link":"https:\/\/www.ellenafuneralcar.com\/fr\/vehicules-funeraires\/voitures-funeraires\/jaguar-j40\/","title":{"rendered":"Jaguar J40"},"content":{"rendered":"\n<section class=\"wp-block-group main-banner\">\n<div class=\"wp-block-cover\"><span aria-hidden=\"true\" class=\"wp-block-cover__background has-background-dim-0 has-background-dim\"><\/span><img decoding=\"async\" width=\"1920\" height=\"917\" class=\"wp-block-cover__image-background wp-image-578\" alt=\"\" src=\"https:\/\/www.ellenafuneralcar.com\/wp-content\/uploads\/2022\/06\/background-banner-product-detail.jpg\" data-object-fit=\"cover\" srcset=\"https:\/\/www.ellenafuneralcar.com\/wp-content\/uploads\/2022\/06\/background-banner-product-detail.jpg 1920w, https:\/\/www.ellenafuneralcar.com\/wp-content\/uploads\/2022\/06\/background-banner-product-detail-300x143.jpg 300w, https:\/\/www.ellenafuneralcar.com\/wp-content\/uploads\/2022\/06\/background-banner-product-detail-1024x489.jpg 1024w, https:\/\/www.ellenafuneralcar.com\/wp-content\/uploads\/2022\/06\/background-banner-product-detail-768x367.jpg 768w, https:\/\/www.ellenafuneralcar.com\/wp-content\/uploads\/2022\/06\/background-banner-product-detail-1536x734.jpg 1536w\" sizes=\"(max-width: 1920px) 100vw, 1920px\" \/><div class=\"wp-block-cover__inner-container\">\n<div class=\"wp-block-group container\">\n<div class=\"wp-block-columns row pt-5 pb-5\">\n<div class=\"wp-block-column col-12 col-md-5 d-flex flex-column justify-content-center\">\n<h1 class=\"wp-block-heading text-center text-md-start\">Jaguar j40<\/h1>\n\n\n\n<p class=\"text-center text-md-start blue-light\">V\u00e9hicules fun\u00e9raires Jaguar<\/p>\n<\/div>\n\n\n\n<div class=\"wp-block-column col-12 col-md-7\">\n<figure class=\"wp-block-image size-full\"><img decoding=\"async\" width=\"700\" height=\"320\" src=\"https:\/\/www.ellenafuneralcar.com\/wp-content\/uploads\/2022\/07\/slide-item-jaguar.png\" alt=\"\" class=\"wp-image-992\" srcset=\"https:\/\/www.ellenafuneralcar.com\/wp-content\/uploads\/2022\/07\/slide-item-jaguar.png 700w, https:\/\/www.ellenafuneralcar.com\/wp-content\/uploads\/2022\/07\/slide-item-jaguar-300x137.png 300w\" sizes=\"(max-width: 700px) 100vw, 700px\" \/><\/figure>\n<\/div>\n<\/div>\n<\/div>\n<\/div><\/div>\n<\/section>\n\n\n\n<section class=\"wp-block-group background-gunmetal-dark\">\n<div class=\"wp-block-group container\">\n<div class=\"wp-block-columns row pt-5\">\n<div class=\"wp-block-column col-12\">\n<figure class=\"wp-block-gallery has-nested-images columns-default is-cropped slick-gallery with-thumbnails wp-block-gallery-1\">\n<figure class=\"wp-block-image size-large\"><img decoding=\"async\" width=\"1024\" height=\"576\" data-id=\"1396\" src=\"https:\/\/www.ellenafuneralcar.com\/wp-content\/uploads\/2022\/07\/Jaguar-011-1024x576.png\" alt=\"\" class=\"wp-image-1396\" srcset=\"https:\/\/www.ellenafuneralcar.com\/wp-content\/uploads\/2022\/07\/Jaguar-011-1024x576.png 1024w, https:\/\/www.ellenafuneralcar.com\/wp-content\/uploads\/2022\/07\/Jaguar-011-300x169.png 300w, https:\/\/www.ellenafuneralcar.com\/wp-content\/uploads\/2022\/07\/Jaguar-011-768x432.png 768w, https:\/\/www.ellenafuneralcar.com\/wp-content\/uploads\/2022\/07\/Jaguar-011-1536x864.png 1536w, https:\/\/www.ellenafuneralcar.com\/wp-content\/uploads\/2022\/07\/Jaguar-011.png 1920w\" sizes=\"(max-width: 1024px) 100vw, 1024px\" \/><\/figure>\n\n\n\n<figure class=\"wp-block-image size-large\"><img decoding=\"async\" width=\"1024\" height=\"588\" data-id=\"1726\" src=\"https:\/\/www.ellenafuneralcar.com\/wp-content\/uploads\/2022\/08\/Jaguar_2-1024x588.png\" alt=\"\" class=\"wp-image-1726\" srcset=\"https:\/\/www.ellenafuneralcar.com\/wp-content\/uploads\/2022\/08\/Jaguar_2-1024x588.png 1024w, https:\/\/www.ellenafuneralcar.com\/wp-content\/uploads\/2022\/08\/Jaguar_2-300x172.png 300w, https:\/\/www.ellenafuneralcar.com\/wp-content\/uploads\/2022\/08\/Jaguar_2-768x441.png 768w, https:\/\/www.ellenafuneralcar.com\/wp-content\/uploads\/2022\/08\/Jaguar_2.png 1208w\" sizes=\"(max-width: 1024px) 100vw, 1024px\" \/><\/figure>\n\n\n\n<figure class=\"wp-block-image size-large\"><img decoding=\"async\" width=\"1024\" height=\"576\" data-id=\"1392\" src=\"https:\/\/www.ellenafuneralcar.com\/wp-content\/uploads\/2022\/07\/Jaguar-05-1-1024x576.png\" alt=\"\" class=\"wp-image-1392\" srcset=\"https:\/\/www.ellenafuneralcar.com\/wp-content\/uploads\/2022\/07\/Jaguar-05-1-1024x576.png 1024w, https:\/\/www.ellenafuneralcar.com\/wp-content\/uploads\/2022\/07\/Jaguar-05-1-300x169.png 300w, https:\/\/www.ellenafuneralcar.com\/wp-content\/uploads\/2022\/07\/Jaguar-05-1-768x432.png 768w, https:\/\/www.ellenafuneralcar.com\/wp-content\/uploads\/2022\/07\/Jaguar-05-1-1536x864.png 1536w, https:\/\/www.ellenafuneralcar.com\/wp-content\/uploads\/2022\/07\/Jaguar-05-1.png 1920w\" sizes=\"(max-width: 1024px) 100vw, 1024px\" \/><\/figure>\n\n\n\n<figure class=\"wp-block-image size-large\"><img decoding=\"async\" width=\"1024\" height=\"576\" data-id=\"1394\" src=\"https:\/\/www.ellenafuneralcar.com\/wp-content\/uploads\/2022\/07\/Jaguar-06-1024x576.png\" alt=\"\" class=\"wp-image-1394\" srcset=\"https:\/\/www.ellenafuneralcar.com\/wp-content\/uploads\/2022\/07\/Jaguar-06-1024x576.png 1024w, https:\/\/www.ellenafuneralcar.com\/wp-content\/uploads\/2022\/07\/Jaguar-06-300x169.png 300w, https:\/\/www.ellenafuneralcar.com\/wp-content\/uploads\/2022\/07\/Jaguar-06-768x432.png 768w, https:\/\/www.ellenafuneralcar.com\/wp-content\/uploads\/2022\/07\/Jaguar-06-1536x864.png 1536w, https:\/\/www.ellenafuneralcar.com\/wp-content\/uploads\/2022\/07\/Jaguar-06.png 1920w\" sizes=\"(max-width: 1024px) 100vw, 1024px\" \/><\/figure>\n\n\n\n<figure class=\"wp-block-image size-large\"><img decoding=\"async\" width=\"1024\" height=\"576\" data-id=\"1372\" src=\"https:\/\/www.ellenafuneralcar.com\/wp-content\/uploads\/2022\/07\/Foto-06-1-1024x576.png\" alt=\"\" class=\"wp-image-1372\" srcset=\"https:\/\/www.ellenafuneralcar.com\/wp-content\/uploads\/2022\/07\/Foto-06-1-1024x576.png 1024w, https:\/\/www.ellenafuneralcar.com\/wp-content\/uploads\/2022\/07\/Foto-06-1-300x169.png 300w, https:\/\/www.ellenafuneralcar.com\/wp-content\/uploads\/2022\/07\/Foto-06-1-768x432.png 768w, https:\/\/www.ellenafuneralcar.com\/wp-content\/uploads\/2022\/07\/Foto-06-1-1536x864.png 1536w, https:\/\/www.ellenafuneralcar.com\/wp-content\/uploads\/2022\/07\/Foto-06-1.png 1920w\" sizes=\"(max-width: 1024px) 100vw, 1024px\" \/><\/figure>\n\n\n\n<figure class=\"wp-block-image size-large\"><img decoding=\"async\" width=\"1024\" height=\"576\" data-id=\"1370\" src=\"https:\/\/www.ellenafuneralcar.com\/wp-content\/uploads\/2022\/07\/Foto-04-2-1024x576.png\" alt=\"\" class=\"wp-image-1370\" srcset=\"https:\/\/www.ellenafuneralcar.com\/wp-content\/uploads\/2022\/07\/Foto-04-2-1024x576.png 1024w, https:\/\/www.ellenafuneralcar.com\/wp-content\/uploads\/2022\/07\/Foto-04-2-300x169.png 300w, https:\/\/www.ellenafuneralcar.com\/wp-content\/uploads\/2022\/07\/Foto-04-2-768x432.png 768w, https:\/\/www.ellenafuneralcar.com\/wp-content\/uploads\/2022\/07\/Foto-04-2-1536x864.png 1536w, https:\/\/www.ellenafuneralcar.com\/wp-content\/uploads\/2022\/07\/Foto-04-2.png 1920w\" sizes=\"(max-width: 1024px) 100vw, 1024px\" \/><\/figure>\n\n\n\n<figure class=\"wp-block-image size-large\"><img decoding=\"async\" width=\"1024\" height=\"577\" data-id=\"1374\" src=\"https:\/\/www.ellenafuneralcar.com\/wp-content\/uploads\/2022\/07\/Foto-07-1024x577.png\" alt=\"\" class=\"wp-image-1374\" srcset=\"https:\/\/www.ellenafuneralcar.com\/wp-content\/uploads\/2022\/07\/Foto-07-1024x577.png 1024w, https:\/\/www.ellenafuneralcar.com\/wp-content\/uploads\/2022\/07\/Foto-07-300x169.png 300w, https:\/\/www.ellenafuneralcar.com\/wp-content\/uploads\/2022\/07\/Foto-07-768x433.png 768w, https:\/\/www.ellenafuneralcar.com\/wp-content\/uploads\/2022\/07\/Foto-07-1536x866.png 1536w, https:\/\/www.ellenafuneralcar.com\/wp-content\/uploads\/2022\/07\/Foto-07-2048x1155.png 2048w\" sizes=\"(max-width: 1024px) 100vw, 1024px\" \/><\/figure>\n\n\n\n<figure class=\"wp-block-image size-large\"><img decoding=\"async\" width=\"1024\" height=\"577\" data-id=\"1376\" src=\"https:\/\/www.ellenafuneralcar.com\/wp-content\/uploads\/2022\/07\/Foto-10-2-1024x577.png\" alt=\"\" class=\"wp-image-1376\" srcset=\"https:\/\/www.ellenafuneralcar.com\/wp-content\/uploads\/2022\/07\/Foto-10-2-1024x577.png 1024w, https:\/\/www.ellenafuneralcar.com\/wp-content\/uploads\/2022\/07\/Foto-10-2-300x169.png 300w, https:\/\/www.ellenafuneralcar.com\/wp-content\/uploads\/2022\/07\/Foto-10-2-768x433.png 768w, https:\/\/www.ellenafuneralcar.com\/wp-content\/uploads\/2022\/07\/Foto-10-2-1536x866.png 1536w, https:\/\/www.ellenafuneralcar.com\/wp-content\/uploads\/2022\/07\/Foto-10-2-2048x1155.png 2048w\" sizes=\"(max-width: 1024px) 100vw, 1024px\" \/><\/figure>\n\n\n\n<figure class=\"wp-block-image size-large\"><img decoding=\"async\" width=\"1024\" height=\"576\" data-id=\"1388\" src=\"https:\/\/www.ellenafuneralcar.com\/wp-content\/uploads\/2022\/07\/Jaguar-01-1-1024x576.png\" alt=\"\" class=\"wp-image-1388\" srcset=\"https:\/\/www.ellenafuneralcar.com\/wp-content\/uploads\/2022\/07\/Jaguar-01-1-1024x576.png 1024w, https:\/\/www.ellenafuneralcar.com\/wp-content\/uploads\/2022\/07\/Jaguar-01-1-300x169.png 300w, https:\/\/www.ellenafuneralcar.com\/wp-content\/uploads\/2022\/07\/Jaguar-01-1-768x432.png 768w, https:\/\/www.ellenafuneralcar.com\/wp-content\/uploads\/2022\/07\/Jaguar-01-1-1536x864.png 1536w, https:\/\/www.ellenafuneralcar.com\/wp-content\/uploads\/2022\/07\/Jaguar-01-1.png 1920w\" sizes=\"(max-width: 1024px) 100vw, 1024px\" \/><\/figure>\n\n\n\n<figure class=\"wp-block-image size-large\"><img decoding=\"async\" width=\"1024\" height=\"576\" data-id=\"1380\" src=\"https:\/\/www.ellenafuneralcar.com\/wp-content\/uploads\/2022\/07\/Jaguar-02-1024x576.png\" alt=\"\" class=\"wp-image-1380\" srcset=\"https:\/\/www.ellenafuneralcar.com\/wp-content\/uploads\/2022\/07\/Jaguar-02-1024x576.png 1024w, https:\/\/www.ellenafuneralcar.com\/wp-content\/uploads\/2022\/07\/Jaguar-02-300x169.png 300w, https:\/\/www.ellenafuneralcar.com\/wp-content\/uploads\/2022\/07\/Jaguar-02-768x432.png 768w, https:\/\/www.ellenafuneralcar.com\/wp-content\/uploads\/2022\/07\/Jaguar-02-1536x864.png 1536w, https:\/\/www.ellenafuneralcar.com\/wp-content\/uploads\/2022\/07\/Jaguar-02.png 1920w\" sizes=\"(max-width: 1024px) 100vw, 1024px\" \/><\/figure>\n\n\n\n<figure class=\"wp-block-image size-large\"><img decoding=\"async\" width=\"1024\" height=\"576\" data-id=\"1382\" src=\"https:\/\/www.ellenafuneralcar.com\/wp-content\/uploads\/2022\/07\/Jaguar-03-1024x576.png\" alt=\"\" class=\"wp-image-1382\" srcset=\"https:\/\/www.ellenafuneralcar.com\/wp-content\/uploads\/2022\/07\/Jaguar-03-1024x576.png 1024w, https:\/\/www.ellenafuneralcar.com\/wp-content\/uploads\/2022\/07\/Jaguar-03-300x169.png 300w, https:\/\/www.ellenafuneralcar.com\/wp-content\/uploads\/2022\/07\/Jaguar-03-768x432.png 768w, https:\/\/www.ellenafuneralcar.com\/wp-content\/uploads\/2022\/07\/Jaguar-03-1536x864.png 1536w, https:\/\/www.ellenafuneralcar.com\/wp-content\/uploads\/2022\/07\/Jaguar-03.png 1920w\" sizes=\"(max-width: 1024px) 100vw, 1024px\" \/><\/figure>\n\n\n\n<figure class=\"wp-block-image size-large\"><img decoding=\"async\" width=\"1024\" height=\"576\" data-id=\"1390\" src=\"https:\/\/www.ellenafuneralcar.com\/wp-content\/uploads\/2022\/07\/Jaguar-04-1-1024x576.png\" alt=\"\" class=\"wp-image-1390\" srcset=\"https:\/\/www.ellenafuneralcar.com\/wp-content\/uploads\/2022\/07\/Jaguar-04-1-1024x576.png 1024w, https:\/\/www.ellenafuneralcar.com\/wp-content\/uploads\/2022\/07\/Jaguar-04-1-300x169.png 300w, https:\/\/www.ellenafuneralcar.com\/wp-content\/uploads\/2022\/07\/Jaguar-04-1-768x432.png 768w, https:\/\/www.ellenafuneralcar.com\/wp-content\/uploads\/2022\/07\/Jaguar-04-1-1536x864.png 1536w, https:\/\/www.ellenafuneralcar.com\/wp-content\/uploads\/2022\/07\/Jaguar-04-1.png 1920w\" sizes=\"(max-width: 1024px) 100vw, 1024px\" \/><\/figure>\n<\/figure>\n<\/div>\n<\/div>\n\n\n\n<div class=\"wp-block-columns row py-5\">\n<div class=\"wp-block-column col-12\">\n<nav class=\"wp-block-bootstrap-nav-tabs\">\n<div id=\"nav-tab\" class=\"wp-block-bootstrap-nav-tablist nav nav-tabs\" role=\"tablist\">\n<button class=\"nav-link active\" id=\"nav-technical-tab\" data-bs-toggle=\"tab\" data-bs-target=\"#nav-technical\" type=\"button\" role=\"tab\" aria-controls=\"nav-technical\" aria-selected=\"true\">Caract\u00e9ristiques <br>techniques<\/button>\n    <button class=\"nav-link\" id=\"nav-equipment-tab\" data-bs-toggle=\"tab\" data-bs-target=\"#nav-equipment\" type=\"button\" role=\"tab\" aria-controls=\"nav-equipment\" aria-selected=\"false\">Caract\u00e9ristiques et <br>\u00e9quipement de s\u00e9rie<\/button>\n    <button class=\"nav-link\" id=\"nav-accesories-tab\" data-bs-toggle=\"tab\" data-bs-target=\"#nav-accesories\" type=\"button\" role=\"tab\" aria-controls=\"nav-accesories\" aria-selected=\"false\">Accessoires <br>sur demande<\/button>\n<\/div>\n<\/nav>\n\n\n\n<div id=\"nav-tabContent\" class=\"wp-block-group tab-content\">\n<div id=\"nav-technical\" class=\"wp-block-group tab-pane fade show active\">\n<figure class=\"wp-block-table product-table\"><table><tbody><tr><td>Mod\u00e8le:<\/td><td>Ellena J40 sur ch\u00e2ssis Jaguar XF D200 MHEV<\/td><\/tr><tr><td>Alimentation:<\/td><td>Diesel<\/td><\/tr><tr><td>Bo\u00eete de vitesses:<\/td><td>Automatique 8 rapports<\/td><\/tr><tr><td>Motorisation:<\/td><td>204 CV<\/td><\/tr><tr><td>Empattement:<\/td><td>4050 mm<\/td><\/tr><tr><td>Longueur:<\/td><td>6460 mm<\/td><\/tr><tr><td>Largeur:<\/td><td>1890 mm<\/td><\/tr><tr><td>Longueur compartiment cercueil:<\/td><td>2350 mm<\/td><\/tr><tr><td>Hauteur compartiment cercueil:<\/td><td>950 mm<\/td><\/tr><\/tbody><\/table><\/figure>\n<\/div>\n\n\n\n<div id=\"nav-equipment\" class=\"wp-block-group tab-pane fade show pt-3\">\n<ul class=\"wp-block-list\">\n<li>Monocoque en mat\u00e9riau composite<\/li>\n\n\n\n<li>Design au caract\u00e8re sportif et \u00e9l\u00e9gant<\/li>\n\n\n\n<li>Suspension \u00e0 correction d&rsquo;assiette automatique<\/li>\n\n\n\n<li>Hayon automatique<\/li>\n\n\n\n<li>L\u00e8ve-cercueil hydraulique<\/li>\n\n\n\n<li>Syst\u00e8me sono<\/li>\n\n\n\n<li>Coffre de rangement derri\u00e8re le dossier arri\u00e8re<\/li>\n\n\n\n<li>Habillage du compartiment cercueil en cuir v\u00e9ritable avec surpiq\u00fbres apparentes<\/li>\n\n\n\n<li>\u00c9clairage LED<\/li>\n\n\n\n<li>Croix amovible en acier inoxydable<\/li>\n<\/ul>\n<\/div>\n\n\n\n<div id=\"nav-accesories\" class=\"wp-block-group tab-pane fade show pt-3\">\n<ul class=\"wp-block-list\">\n<li>Plateau automatique<\/li>\n\n\n\n<li>Vitres teint\u00e9es<\/li>\n\n\n\n<li>Finition \u00ab\u00a0Carbon Look\u00a0\u00bb<\/li>\n\n\n\n<li>Peinture bicolore<\/li>\n<\/ul>\n<\/div>\n<\/div>\n<\/div>\n<\/div>\n<\/div>\n<\/section>\n","protected":false},"excerpt":{"rendered":"<p>Mod\u00e8le: Ellena J40 sur ch\u00e2ssis Jaguar XF D200 MHEV Alimentation: Diesel Bo\u00eete de vitesses: Automatique 8 rapports Motorisation: 204 CV Empattement: 4050 mm Longueur: 6460 mm Largeur: 1890 mm Longueur compartiment cercueil: 2350 mm Hauteur compartiment cercueil: 950 mm<\/p>\n","protected":false},"author":1,"featured_media":0,"parent":2677,"menu_order":5,"comment_status":"closed","ping_status":"closed","template":"","meta":{"footnotes":""},"class_list":["post-2683","page","type-page","status-publish","hentry"],"_links":{"self":[{"href":"https:\/\/www.ellenafuneralcar.com\/fr\/wp-json\/wp\/v2\/pages\/2683","targetHints":{"allow":["GET"]}}],"collection":[{"href":"https:\/\/www.ellenafuneralcar.com\/fr\/wp-json\/wp\/v2\/pages"}],"about":[{"href":"https:\/\/www.ellenafuneralcar.com\/fr\/wp-json\/wp\/v2\/types\/page"}],"author":[{"embeddable":true,"href":"https:\/\/www.ellenafuneralcar.com\/fr\/wp-json\/wp\/v2\/users\/1"}],"replies":[{"embeddable":true,"href":"https:\/\/www.ellenafuneralcar.com\/fr\/wp-json\/wp\/v2\/comments?post=2683"}],"version-history":[{"count":2,"href":"https:\/\/www.ellenafuneralcar.com\/fr\/wp-json\/wp\/v2\/pages\/2683\/revisions"}],"predecessor-version":[{"id":3373,"href":"https:\/\/www.ellenafuneralcar.com\/fr\/wp-json\/wp\/v2\/pages\/2683\/revisions\/3373"}],"up":[{"embeddable":true,"href":"https:\/\/www.ellenafuneralcar.com\/fr\/wp-json\/wp\/v2\/pages\/2677"}],"wp:attachment":[{"href":"https:\/\/www.ellenafuneralcar.com\/fr\/wp-json\/wp\/v2\/media?parent=2683"}],"curies":[{"name":"wp","href":"https:\/\/api.w.org\/{rel}","templated":true}]}}