{"id":2691,"date":"2025-03-31T11:08:47","date_gmt":"2025-03-31T09:08:47","guid":{"rendered":"https:\/\/www.ellenafuneralcar.com\/veicoli-funebri\/veicoli-funebri-usati\/usato-mercedes-e211-320-cdi-lu211\/"},"modified":"2026-02-18T15:02:07","modified_gmt":"2026-02-18T14:02:07","slug":"ca211","status":"publish","type":"page","link":"https:\/\/www.ellenafuneralcar.com\/fr\/vehicules-funeraires\/vehicules-funeraires-doccasion\/ca211\/","title":{"rendered":"Mercedes Benz W211 CLS &#8211; CA211"},"content":{"rendered":"\n<section class=\"wp-block-group main-banner\">\n<div class=\"wp-block-cover\"><img decoding=\"async\" width=\"1920\" height=\"917\" class=\"wp-block-cover__image-background wp-image-578\" alt=\"\" src=\"https:\/\/www.ellenafuneralcar.com\/wp-content\/uploads\/2022\/06\/background-banner-product-detail.jpg\" data-object-fit=\"cover\" srcset=\"https:\/\/www.ellenafuneralcar.com\/wp-content\/uploads\/2022\/06\/background-banner-product-detail.jpg 1920w, https:\/\/www.ellenafuneralcar.com\/wp-content\/uploads\/2022\/06\/background-banner-product-detail-300x143.jpg 300w, https:\/\/www.ellenafuneralcar.com\/wp-content\/uploads\/2022\/06\/background-banner-product-detail-1024x489.jpg 1024w, https:\/\/www.ellenafuneralcar.com\/wp-content\/uploads\/2022\/06\/background-banner-product-detail-768x367.jpg 768w, https:\/\/www.ellenafuneralcar.com\/wp-content\/uploads\/2022\/06\/background-banner-product-detail-1536x734.jpg 1536w\" sizes=\"(max-width: 1920px) 100vw, 1920px\" \/><span aria-hidden=\"true\" class=\"wp-block-cover__background has-background-dim-0 has-background-dim\"><\/span><div class=\"wp-block-cover__inner-container\">\n<div class=\"wp-block-group container\">\n<div class=\"wp-block-columns row pt-5 pb-5\">\n<div class=\"wp-block-column col-12 col-md-5 d-flex flex-column justify-content-center\">\n<h1 class=\"wp-block-heading text-center text-md-start\"><strong>Mercedes Benz W211 CLS  d&rsquo;occasion<\/strong><\/h1>\n\n\n\n<p class=\"text-center text-md-start blue-light\">V\u00e9hicule fun\u00e9raire Mercedes Benz d\u2019occasion<\/p>\n<\/div>\n\n\n\n<div class=\"wp-block-column col-12 col-md-7\">\n<figure class=\"wp-block-image size-full d-none\"><img decoding=\"async\" width=\"920\" height=\"412\" src=\"https:\/\/www.ellenafuneralcar.com\/wp-content\/uploads\/2022\/07\/maserati-g3.0.png\" alt=\"\" class=\"wp-image-1147\" srcset=\"https:\/\/www.ellenafuneralcar.com\/wp-content\/uploads\/2022\/07\/maserati-g3.0.png 920w, https:\/\/www.ellenafuneralcar.com\/wp-content\/uploads\/2022\/07\/maserati-g3.0-300x134.png 300w, https:\/\/www.ellenafuneralcar.com\/wp-content\/uploads\/2022\/07\/maserati-g3.0-768x344.png 768w\" sizes=\"(max-width: 920px) 100vw, 920px\" \/><\/figure>\n<\/div>\n<\/div>\n<\/div>\n<\/div><\/div>\n<\/section>\n\n\n\n<section class=\"wp-block-group background-gunmetal-dark\">\n<div class=\"wp-block-group container\">\n<div class=\"wp-block-columns row pt-5\">\n<div class=\"wp-block-column col-12 col-lg-6\">\n<figure class=\"wp-block-gallery has-nested-images columns-default is-cropped slick-gallery with-thumbnails no-arrows wp-block-gallery-1\">\n<figure class=\"wp-block-image size-large\"><img decoding=\"async\" width=\"1024\" height=\"691\" data-id=\"8506\" src=\"https:\/\/www.ellenafuneralcar.com\/wp-content\/uploads\/2026\/01\/CA211_1-5-1024x691.jpg\" alt=\"\" class=\"wp-image-8506\" srcset=\"https:\/\/www.ellenafuneralcar.com\/wp-content\/uploads\/2026\/01\/CA211_1-5-1024x691.jpg 1024w, https:\/\/www.ellenafuneralcar.com\/wp-content\/uploads\/2026\/01\/CA211_1-5-300x203.jpg 300w, https:\/\/www.ellenafuneralcar.com\/wp-content\/uploads\/2026\/01\/CA211_1-5-768x518.jpg 768w, https:\/\/www.ellenafuneralcar.com\/wp-content\/uploads\/2026\/01\/CA211_1-5.jpg 1028w\" sizes=\"(max-width: 1024px) 100vw, 1024px\" \/><\/figure>\n\n\n\n<figure class=\"wp-block-image size-large\"><img decoding=\"async\" width=\"1024\" height=\"691\" data-id=\"8503\" src=\"https:\/\/www.ellenafuneralcar.com\/wp-content\/uploads\/2026\/01\/CA211_2-2-1024x691.jpg\" alt=\"\" class=\"wp-image-8503\" srcset=\"https:\/\/www.ellenafuneralcar.com\/wp-content\/uploads\/2026\/01\/CA211_2-2-1024x691.jpg 1024w, https:\/\/www.ellenafuneralcar.com\/wp-content\/uploads\/2026\/01\/CA211_2-2-300x203.jpg 300w, https:\/\/www.ellenafuneralcar.com\/wp-content\/uploads\/2026\/01\/CA211_2-2-768x518.jpg 768w, https:\/\/www.ellenafuneralcar.com\/wp-content\/uploads\/2026\/01\/CA211_2-2.jpg 1028w\" sizes=\"(max-width: 1024px) 100vw, 1024px\" \/><\/figure>\n\n\n\n<figure class=\"wp-block-image size-large\"><img decoding=\"async\" width=\"1024\" height=\"691\" data-id=\"8500\" src=\"https:\/\/www.ellenafuneralcar.com\/wp-content\/uploads\/2026\/01\/CA211_3-3-1024x691.jpg\" alt=\"\" class=\"wp-image-8500\" srcset=\"https:\/\/www.ellenafuneralcar.com\/wp-content\/uploads\/2026\/01\/CA211_3-3-1024x691.jpg 1024w, https:\/\/www.ellenafuneralcar.com\/wp-content\/uploads\/2026\/01\/CA211_3-3-300x203.jpg 300w, https:\/\/www.ellenafuneralcar.com\/wp-content\/uploads\/2026\/01\/CA211_3-3-768x518.jpg 768w, https:\/\/www.ellenafuneralcar.com\/wp-content\/uploads\/2026\/01\/CA211_3-3.jpg 1028w\" sizes=\"(max-width: 1024px) 100vw, 1024px\" \/><\/figure>\n<\/figure>\n<\/div>\n\n\n\n<div class=\"wp-block-column col-12 col-lg-6\">\n<div id=\"nav-tabContent\" class=\"wp-block-group tab-content\">\n<div id=\"nav-technical\" class=\"wp-block-group tab-pane fade show active\">\n<p class=\"blue-light\"><strong>CARACT\u00c9RISTIQUES TECHNIQUES<\/strong><\/p>\n\n\n\n<figure class=\"wp-block-table product-table\"><table><tbody><tr><td>Mod\u00e8le:<\/td><td>Mercedes Benz W211 CLS<\/td><\/tr><tr><td>Code:<\/td><td>CA211<\/td><\/tr><tr><td>Ann\u00e9e:<\/td><td>2009<\/td><\/tr><tr><td>Fabricant:<\/td><td>GLS<\/td><\/tr><tr><td>Couleur:<\/td><td>Blanc<\/td><\/tr><tr><td>Km:<\/td><td>127.000<\/td><\/tr><tr><td>Accessoires:<\/td><td>Hayon et plate-forme automatiques, syst\u00e8me audio<\/td><\/tr><\/tbody><\/table><\/figure>\n<\/div>\n<\/div>\n<\/div>\n<\/div>\n<\/div>\n<\/section>\n","protected":false},"excerpt":{"rendered":"<p>CARACT\u00c9RISTIQUES TECHNIQUES Mod\u00e8le: Mercedes Benz W211 CLS Code: CA211 Ann\u00e9e: 2009 Fabricant: GLS Couleur: Blanc Km: 127.000 Accessoires: Hayon et plate-forme automatiques, syst\u00e8me audio<\/p>\n","protected":false},"author":1,"featured_media":0,"parent":2687,"menu_order":0,"comment_status":"closed","ping_status":"closed","template":"","meta":{"footnotes":""},"class_list":["post-2691","page","type-page","status-publish","hentry"],"_links":{"self":[{"href":"https:\/\/www.ellenafuneralcar.com\/fr\/wp-json\/wp\/v2\/pages\/2691","targetHints":{"allow":["GET"]}}],"collection":[{"href":"https:\/\/www.ellenafuneralcar.com\/fr\/wp-json\/wp\/v2\/pages"}],"about":[{"href":"https:\/\/www.ellenafuneralcar.com\/fr\/wp-json\/wp\/v2\/types\/page"}],"author":[{"embeddable":true,"href":"https:\/\/www.ellenafuneralcar.com\/fr\/wp-json\/wp\/v2\/users\/1"}],"replies":[{"embeddable":true,"href":"https:\/\/www.ellenafuneralcar.com\/fr\/wp-json\/wp\/v2\/comments?post=2691"}],"version-history":[{"count":8,"href":"https:\/\/www.ellenafuneralcar.com\/fr\/wp-json\/wp\/v2\/pages\/2691\/revisions"}],"predecessor-version":[{"id":8812,"href":"https:\/\/www.ellenafuneralcar.com\/fr\/wp-json\/wp\/v2\/pages\/2691\/revisions\/8812"}],"up":[{"embeddable":true,"href":"https:\/\/www.ellenafuneralcar.com\/fr\/wp-json\/wp\/v2\/pages\/2687"}],"wp:attachment":[{"href":"https:\/\/www.ellenafuneralcar.com\/fr\/wp-json\/wp\/v2\/media?parent=2691"}],"curies":[{"name":"wp","href":"https:\/\/api.w.org\/{rel}","templated":true}]}}