{"id":2936,"date":"2026-01-09T17:06:15","date_gmt":"2026-01-09T16:06:15","guid":{"rendered":"https:\/\/www.ellenafuneralcar.com\/?page_id=2936"},"modified":"2026-05-14T15:26:44","modified_gmt":"2026-05-14T13:26:44","slug":"mercedes-en512","status":"publish","type":"page","link":"https:\/\/www.ellenafuneralcar.com\/fr\/vehicules-funeraires\/vehicules-funeraires-doccasion\/mercedes-en512\/","title":{"rendered":"Mercedes E512 d\u2019occasion &#8211; EN512"},"content":{"rendered":"\n<section class=\"wp-block-group main-banner\">\n<div class=\"wp-block-cover\">\r\n\r\n<img decoding=\"async\" width=\"1920\" height=\"917\" class=\"wp-block-cover__image-background wp-image-578\" src=\"https:\/\/www.ellenafuneralcar.com\/wp-content\/uploads\/2022\/06\/background-banner-product-detail.jpg\" alt=\"\" data-object-fit=\"cover\" srcset=\"https:\/\/www.ellenafuneralcar.com\/wp-content\/uploads\/2022\/06\/background-banner-product-detail.jpg 1920w, https:\/\/www.ellenafuneralcar.com\/wp-content\/uploads\/2022\/06\/background-banner-product-detail-300x143.jpg 300w, https:\/\/www.ellenafuneralcar.com\/wp-content\/uploads\/2022\/06\/background-banner-product-detail-1024x489.jpg 1024w, https:\/\/www.ellenafuneralcar.com\/wp-content\/uploads\/2022\/06\/background-banner-product-detail-768x367.jpg 768w, https:\/\/www.ellenafuneralcar.com\/wp-content\/uploads\/2022\/06\/background-banner-product-detail-1536x734.jpg 1536w\" sizes=\"(max-width: 1920px) 100vw, 1920px\" \/>\r\n<div class=\"wp-block-cover__inner-container\">\r\n\r\n\n<div class=\"wp-block-group container\">\r\n\r\n\n<div class=\"wp-block-columns row pt-5 pb-5\">\r\n\r\n\n<div class=\"wp-block-column col-12 col-md-5 d-flex flex-column justify-content-center\">\r\n\r\n\n<h1 class=\"text-center text-md-start wp-block-heading\">Mercedes Benz E512 250 CDI d\u2019occasion<\/h1>\n\n\r\n\r\n\n<p class=\"text-center text-md-start blue-light\">V\u00e9hicule fun\u00e9raire Mercedes Benz d\u2019occasion<\/p>\n\n\r\n\r\n<\/div>\n\n\r\n\r\n\n<div class=\"wp-block-column col-12 col-md-7\">\r\n\r\n\n<figure class=\"wp-block-image size-full d-none\"><img decoding=\"async\" width=\"920\" height=\"412\" class=\"wp-image-1147\" src=\"https:\/\/www.ellenafuneralcar.com\/wp-content\/uploads\/2022\/07\/maserati-g3.0.png\" alt=\"\" srcset=\"https:\/\/www.ellenafuneralcar.com\/wp-content\/uploads\/2022\/07\/maserati-g3.0.png 920w, https:\/\/www.ellenafuneralcar.com\/wp-content\/uploads\/2022\/07\/maserati-g3.0-300x134.png 300w, https:\/\/www.ellenafuneralcar.com\/wp-content\/uploads\/2022\/07\/maserati-g3.0-768x344.png 768w\" sizes=\"(max-width: 920px) 100vw, 920px\" \/><\/figure>\n\n\r\n\r\n<\/div>\n\n\r\n\r\n<\/div>\n\n\r\n\r\n<\/div>\n\n\r\n\r\n<\/div>\r\n<\/div>\n<\/section>\n\n\n\n<section class=\"wp-block-group background-gunmetal-dark\">\n<div class=\"wp-block-group container\">\n<div class=\"wp-block-columns row pt-5\">\n<div class=\"wp-block-column col-12 col-lg-6\">\n<figure class=\"wp-block-gallery has-nested-images columns-default is-cropped slick-gallery with-thumbnails no-arrows wp-block-gallery-1\">\n<figure class=\"wp-block-image size-large\"><img decoding=\"async\" width=\"1024\" height=\"691\" data-id=\"9009\" src=\"https:\/\/www.ellenafuneralcar.com\/wp-content\/uploads\/2026\/05\/EN512-1-1024x691.jpg\" alt=\"\" class=\"wp-image-9009\" srcset=\"https:\/\/www.ellenafuneralcar.com\/wp-content\/uploads\/2026\/05\/EN512-1-1024x691.jpg 1024w, https:\/\/www.ellenafuneralcar.com\/wp-content\/uploads\/2026\/05\/EN512-1-300x203.jpg 300w, https:\/\/www.ellenafuneralcar.com\/wp-content\/uploads\/2026\/05\/EN512-1-768x518.jpg 768w, https:\/\/www.ellenafuneralcar.com\/wp-content\/uploads\/2026\/05\/EN512-1.jpg 1028w\" sizes=\"(max-width: 1024px) 100vw, 1024px\" \/><\/figure>\n\n\n\n<figure class=\"wp-block-image size-large\"><img decoding=\"async\" width=\"1024\" height=\"691\" data-id=\"9012\" src=\"https:\/\/www.ellenafuneralcar.com\/wp-content\/uploads\/2026\/05\/EN512-2-1024x691.jpg\" alt=\"\" class=\"wp-image-9012\" srcset=\"https:\/\/www.ellenafuneralcar.com\/wp-content\/uploads\/2026\/05\/EN512-2-1024x691.jpg 1024w, https:\/\/www.ellenafuneralcar.com\/wp-content\/uploads\/2026\/05\/EN512-2-300x203.jpg 300w, https:\/\/www.ellenafuneralcar.com\/wp-content\/uploads\/2026\/05\/EN512-2-768x518.jpg 768w, https:\/\/www.ellenafuneralcar.com\/wp-content\/uploads\/2026\/05\/EN512-2.jpg 1028w\" sizes=\"(max-width: 1024px) 100vw, 1024px\" \/><\/figure>\n\n\n\n<figure class=\"wp-block-image size-large\"><img decoding=\"async\" width=\"1024\" height=\"691\" data-id=\"9015\" src=\"https:\/\/www.ellenafuneralcar.com\/wp-content\/uploads\/2026\/05\/EN512-3-1024x691.jpg\" alt=\"\" class=\"wp-image-9015\" srcset=\"https:\/\/www.ellenafuneralcar.com\/wp-content\/uploads\/2026\/05\/EN512-3-1024x691.jpg 1024w, https:\/\/www.ellenafuneralcar.com\/wp-content\/uploads\/2026\/05\/EN512-3-300x203.jpg 300w, https:\/\/www.ellenafuneralcar.com\/wp-content\/uploads\/2026\/05\/EN512-3-768x518.jpg 768w, https:\/\/www.ellenafuneralcar.com\/wp-content\/uploads\/2026\/05\/EN512-3.jpg 1028w\" sizes=\"(max-width: 1024px) 100vw, 1024px\" \/><\/figure>\n<\/figure>\n<\/div>\n\n\n\n<div class=\"wp-block-column col-12 col-lg-6\">\n<div id=\"nav-tabContent\" class=\"wp-block-group tab-content\">\n<div id=\"nav-technical\" class=\"wp-block-group tab-pane fade show active\">\n<p class=\"blue-light\"><strong>CARACT\u00c9RISTIQUES TECHNIQUES<\/strong><\/p>\n\n\n\n<figure class=\"wp-block-table product-table\"><table><tbody><tr><td>Mod\u00e8le:<\/td><td>Mercedes Benz E512 250 Cdi<\/td><\/tr><tr><td>Code:<\/td><td>EN512<\/td><\/tr><tr><td>Ann\u00e9e:<\/td><td>2012<\/td><\/tr><tr><td>Allestitore:<\/td><td>Ellena<\/td><\/tr><tr><td>Couleur:<\/td><td>Noir<\/td><\/tr><tr><td>KM:<\/td><td>128.000<\/td><\/tr><tr><td>Accessoires:<\/td><td>Hayon automatique, syst\u00e8me de son, int\u00e9rieur en cuir<\/td><\/tr><\/tbody><\/table><\/figure>\n<\/div>\n<\/div>\n<\/div>\n<\/div>\n<\/div>\n<\/section>\n","protected":false},"excerpt":{"rendered":"<p>CARACT\u00c9RISTIQUES TECHNIQUES Mod\u00e8le: Mercedes Benz E512 250 Cdi Code: EN512 Ann\u00e9e: 2012 Allestitore: Ellena Couleur: Noir KM: 128.000 Accessoires: Hayon automatique, syst\u00e8me de son, int\u00e9rieur en cuir<\/p>\n","protected":false},"author":2,"featured_media":0,"parent":2687,"menu_order":0,"comment_status":"closed","ping_status":"closed","template":"","meta":{"footnotes":""},"class_list":["post-2936","page","type-page","status-publish","hentry"],"_links":{"self":[{"href":"https:\/\/www.ellenafuneralcar.com\/fr\/wp-json\/wp\/v2\/pages\/2936","targetHints":{"allow":["GET"]}}],"collection":[{"href":"https:\/\/www.ellenafuneralcar.com\/fr\/wp-json\/wp\/v2\/pages"}],"about":[{"href":"https:\/\/www.ellenafuneralcar.com\/fr\/wp-json\/wp\/v2\/types\/page"}],"author":[{"embeddable":true,"href":"https:\/\/www.ellenafuneralcar.com\/fr\/wp-json\/wp\/v2\/users\/2"}],"replies":[{"embeddable":true,"href":"https:\/\/www.ellenafuneralcar.com\/fr\/wp-json\/wp\/v2\/comments?post=2936"}],"version-history":[{"count":4,"href":"https:\/\/www.ellenafuneralcar.com\/fr\/wp-json\/wp\/v2\/pages\/2936\/revisions"}],"predecessor-version":[{"id":9037,"href":"https:\/\/www.ellenafuneralcar.com\/fr\/wp-json\/wp\/v2\/pages\/2936\/revisions\/9037"}],"up":[{"embeddable":true,"href":"https:\/\/www.ellenafuneralcar.com\/fr\/wp-json\/wp\/v2\/pages\/2687"}],"wp:attachment":[{"href":"https:\/\/www.ellenafuneralcar.com\/fr\/wp-json\/wp\/v2\/media?parent=2936"}],"curies":[{"name":"wp","href":"https:\/\/api.w.org\/{rel}","templated":true}]}}