{"id":3039,"date":"2026-03-04T11:09:35","date_gmt":"2026-03-04T10:09:35","guid":{"rendered":"https:\/\/www.ellenafuneralcar.com\/?page_id=3039"},"modified":"2026-04-13T11:54:56","modified_gmt":"2026-04-13T09:54:56","slug":"pi212","status":"publish","type":"page","link":"https:\/\/www.ellenafuneralcar.com\/fr\/vehicules-funeraires\/vehicules-funeraires-doccasion\/pi212\/","title":{"rendered":"Mercedes W212 d&rsquo;occasion &#8211; PI212"},"content":{"rendered":"\n<section class=\"wp-block-group main-banner\">\n<div class=\"wp-block-cover\"><img decoding=\"async\" width=\"1920\" height=\"917\" class=\"wp-block-cover__image-background wp-image-578\" alt=\"\" src=\"https:\/\/www.ellenafuneralcar.com\/wp-content\/uploads\/2022\/06\/background-banner-product-detail.jpg\" data-object-fit=\"cover\" srcset=\"https:\/\/www.ellenafuneralcar.com\/wp-content\/uploads\/2022\/06\/background-banner-product-detail.jpg 1920w, https:\/\/www.ellenafuneralcar.com\/wp-content\/uploads\/2022\/06\/background-banner-product-detail-300x143.jpg 300w, https:\/\/www.ellenafuneralcar.com\/wp-content\/uploads\/2022\/06\/background-banner-product-detail-1024x489.jpg 1024w, https:\/\/www.ellenafuneralcar.com\/wp-content\/uploads\/2022\/06\/background-banner-product-detail-768x367.jpg 768w, https:\/\/www.ellenafuneralcar.com\/wp-content\/uploads\/2022\/06\/background-banner-product-detail-1536x734.jpg 1536w\" sizes=\"(max-width: 1920px) 100vw, 1920px\" \/><span aria-hidden=\"true\" class=\"wp-block-cover__background has-background-dim-0 has-background-dim\"><\/span><div class=\"wp-block-cover__inner-container\">\n<div class=\"wp-block-group container\">\n<div class=\"wp-block-columns row pt-5 pb-5\">\n<div class=\"wp-block-column col-12 col-md-5 d-flex flex-column justify-content-center\">\n<h1 class=\"wp-block-heading text-center text-md-start\">Mercedes Benz W212 d&rsquo;occasion<\/h1>\n\n\n\n<p class=\"text-center text-md-start blue-light\">V\u00e9hicule fun\u00e9raire Mercedes Benz d\u2019occasion<\/p>\n<\/div>\n\n\n\n<div class=\"wp-block-column col-12 col-md-7\">\n<figure class=\"wp-block-image size-full d-none\"><img decoding=\"async\" width=\"920\" height=\"412\" class=\"wp-image-1147\" src=\"https:\/\/www.ellenafuneralcar.com\/wp-content\/uploads\/2022\/07\/maserati-g3.0.png\" alt=\"\" srcset=\"https:\/\/www.ellenafuneralcar.com\/wp-content\/uploads\/2022\/07\/maserati-g3.0.png 920w, https:\/\/www.ellenafuneralcar.com\/wp-content\/uploads\/2022\/07\/maserati-g3.0-300x134.png 300w, https:\/\/www.ellenafuneralcar.com\/wp-content\/uploads\/2022\/07\/maserati-g3.0-768x344.png 768w\" sizes=\"(max-width: 920px) 100vw, 920px\" \/><\/figure>\n<\/div>\n<\/div>\n<\/div>\n<\/div><\/div>\n<\/section>\n\n\n\n<section class=\"wp-block-group background-gunmetal-dark\">\n<div class=\"wp-block-group container\">\n<div class=\"wp-block-columns row pt-5\">\n<div class=\"wp-block-column col-12 col-lg-6\">\n<figure class=\"wp-block-gallery has-nested-images columns-default is-cropped slick-gallery with-thumbnails no-arrows wp-block-gallery-1\">\n<figure class=\"wp-block-image size-large\"><img decoding=\"async\" width=\"1024\" height=\"691\" data-id=\"8963\" src=\"https:\/\/www.ellenafuneralcar.com\/wp-content\/uploads\/2026\/04\/PI212_1-1024x691.jpg\" alt=\"\" class=\"wp-image-8963\" srcset=\"https:\/\/www.ellenafuneralcar.com\/wp-content\/uploads\/2026\/04\/PI212_1-1024x691.jpg 1024w, https:\/\/www.ellenafuneralcar.com\/wp-content\/uploads\/2026\/04\/PI212_1-300x203.jpg 300w, https:\/\/www.ellenafuneralcar.com\/wp-content\/uploads\/2026\/04\/PI212_1-768x518.jpg 768w, https:\/\/www.ellenafuneralcar.com\/wp-content\/uploads\/2026\/04\/PI212_1.jpg 1028w\" sizes=\"(max-width: 1024px) 100vw, 1024px\" \/><\/figure>\n\n\n\n<figure class=\"wp-block-image size-large\"><img decoding=\"async\" width=\"1024\" height=\"691\" data-id=\"8966\" src=\"https:\/\/www.ellenafuneralcar.com\/wp-content\/uploads\/2026\/04\/PI212_2-1024x691.jpg\" alt=\"\" class=\"wp-image-8966\" srcset=\"https:\/\/www.ellenafuneralcar.com\/wp-content\/uploads\/2026\/04\/PI212_2-1024x691.jpg 1024w, https:\/\/www.ellenafuneralcar.com\/wp-content\/uploads\/2026\/04\/PI212_2-300x203.jpg 300w, https:\/\/www.ellenafuneralcar.com\/wp-content\/uploads\/2026\/04\/PI212_2-768x518.jpg 768w, https:\/\/www.ellenafuneralcar.com\/wp-content\/uploads\/2026\/04\/PI212_2.jpg 1028w\" sizes=\"(max-width: 1024px) 100vw, 1024px\" \/><\/figure>\n\n\n\n<figure class=\"wp-block-image size-large\"><img decoding=\"async\" width=\"1024\" height=\"690\" data-id=\"8969\" src=\"https:\/\/www.ellenafuneralcar.com\/wp-content\/uploads\/2026\/04\/PI212_3-1024x690.jpg\" alt=\"\" class=\"wp-image-8969\" srcset=\"https:\/\/www.ellenafuneralcar.com\/wp-content\/uploads\/2026\/04\/PI212_3-1024x690.jpg 1024w, https:\/\/www.ellenafuneralcar.com\/wp-content\/uploads\/2026\/04\/PI212_3-300x202.jpg 300w, https:\/\/www.ellenafuneralcar.com\/wp-content\/uploads\/2026\/04\/PI212_3-768x518.jpg 768w, https:\/\/www.ellenafuneralcar.com\/wp-content\/uploads\/2026\/04\/PI212_3-1536x1036.jpg 1536w, https:\/\/www.ellenafuneralcar.com\/wp-content\/uploads\/2026\/04\/PI212_3-2048x1381.jpg 2048w\" sizes=\"(max-width: 1024px) 100vw, 1024px\" \/><\/figure>\n<\/figure>\n<\/div>\n\n\n\n<div class=\"wp-block-column col-12 col-lg-6\">\n<div id=\"nav-tabContent\" class=\"wp-block-group tab-content\">\n<div id=\"nav-technical\" class=\"wp-block-group tab-pane fade show active\">\n<p class=\"blue-light\">CARACT\u00c9RISTIQUES TECHNIQUES<\/p>\n\n\n\n<figure class=\"wp-block-table product-table\"><table><tbody><tr><td>Mod\u00e8le:<\/td><td>Mercedes Benz W212 250 Cdi<\/td><\/tr><tr><td>Code:<\/td><td>PI212<\/td><\/tr><tr><td>Ann\u00e9e:<\/td><td>2012<\/td><\/tr><tr><td>Fabricant:<\/td><td>Pilato<\/td><\/tr><tr><td>Couleur:<\/td><td>brun terne<\/td><\/tr><tr><td>Km:<\/td><td>153.00<\/td><\/tr><tr><td>Accessoires:<\/td><td>Hayon et plate-forme automatiques, syst\u00e8me audio<\/td><\/tr><\/tbody><\/table><\/figure>\n<\/div>\n<\/div>\n<\/div>\n<\/div>\n<\/div>\n<\/section>\n","protected":false},"excerpt":{"rendered":"<p>CARACT\u00c9RISTIQUES TECHNIQUES Mod\u00e8le: Mercedes Benz W212 250 Cdi Code: PI212 Ann\u00e9e: 2012 Fabricant: Pilato Couleur: brun terne Km: 153.00 Accessoires: Hayon et plate-forme automatiques, syst\u00e8me audio<\/p>\n","protected":false},"author":2,"featured_media":0,"parent":2687,"menu_order":0,"comment_status":"closed","ping_status":"closed","template":"","meta":{"footnotes":""},"class_list":["post-3039","page","type-page","status-publish","hentry"],"_links":{"self":[{"href":"https:\/\/www.ellenafuneralcar.com\/fr\/wp-json\/wp\/v2\/pages\/3039","targetHints":{"allow":["GET"]}}],"collection":[{"href":"https:\/\/www.ellenafuneralcar.com\/fr\/wp-json\/wp\/v2\/pages"}],"about":[{"href":"https:\/\/www.ellenafuneralcar.com\/fr\/wp-json\/wp\/v2\/types\/page"}],"author":[{"embeddable":true,"href":"https:\/\/www.ellenafuneralcar.com\/fr\/wp-json\/wp\/v2\/users\/2"}],"replies":[{"embeddable":true,"href":"https:\/\/www.ellenafuneralcar.com\/fr\/wp-json\/wp\/v2\/comments?post=3039"}],"version-history":[{"count":9,"href":"https:\/\/www.ellenafuneralcar.com\/fr\/wp-json\/wp\/v2\/pages\/3039\/revisions"}],"predecessor-version":[{"id":8975,"href":"https:\/\/www.ellenafuneralcar.com\/fr\/wp-json\/wp\/v2\/pages\/3039\/revisions\/8975"}],"up":[{"embeddable":true,"href":"https:\/\/www.ellenafuneralcar.com\/fr\/wp-json\/wp\/v2\/pages\/2687"}],"wp:attachment":[{"href":"https:\/\/www.ellenafuneralcar.com\/fr\/wp-json\/wp\/v2\/media?parent=3039"}],"curies":[{"name":"wp","href":"https:\/\/api.w.org\/{rel}","templated":true}]}}