{"id":4956,"date":"2024-06-21T09:10:52","date_gmt":"2024-06-21T07:10:52","guid":{"rendered":"https:\/\/www.ellenafuneralcar.com\/?page_id=4956"},"modified":"2024-10-28T09:29:54","modified_gmt":"2024-10-28T08:29:54","slug":"emqe-mercedes-eqe","status":"publish","type":"page","link":"https:\/\/www.ellenafuneralcar.com\/fr\/vehicules-funeraires\/voitures-funeraires\/emqe-mercedes-eqe\/","title":{"rendered":"Mercedes EMQE"},"content":{"rendered":"\n<section class=\"wp-block-group main-banner\">\n<div class=\"wp-block-cover\"><span aria-hidden=\"true\" class=\"wp-block-cover__background has-background-dim-0 has-background-dim\"><\/span><img decoding=\"async\" width=\"1920\" height=\"917\" class=\"wp-block-cover__image-background wp-image-578\" alt=\"\" src=\"https:\/\/www.ellenafuneralcar.com\/wp-content\/uploads\/2022\/06\/background-banner-product-detail.jpg\" data-object-fit=\"cover\" srcset=\"https:\/\/www.ellenafuneralcar.com\/wp-content\/uploads\/2022\/06\/background-banner-product-detail.jpg 1920w, https:\/\/www.ellenafuneralcar.com\/wp-content\/uploads\/2022\/06\/background-banner-product-detail-300x143.jpg 300w, https:\/\/www.ellenafuneralcar.com\/wp-content\/uploads\/2022\/06\/background-banner-product-detail-1024x489.jpg 1024w, https:\/\/www.ellenafuneralcar.com\/wp-content\/uploads\/2022\/06\/background-banner-product-detail-768x367.jpg 768w, https:\/\/www.ellenafuneralcar.com\/wp-content\/uploads\/2022\/06\/background-banner-product-detail-1536x734.jpg 1536w\" sizes=\"(max-width: 1920px) 100vw, 1920px\" \/><div class=\"wp-block-cover__inner-container\">\n<div class=\"wp-block-group container\">\n<div class=\"wp-block-columns row pt-5 pb-5\">\n<div class=\"wp-block-column col-12 col-md-5 d-flex flex-column justify-content-center\">\n<h1 class=\"wp-block-heading text-center text-md-start\">Mercedes EMQE<\/h1>\n\n\n\n<p class=\"text-center text-md-start blue-light\">Corbillard fun\u00e9raire \u00e9lectrique Mercedes<\/p>\n<\/div>\n\n\n\n<div class=\"wp-block-column col-12 col-md-7\">\n<figure class=\"wp-block-image size-full\"><img decoding=\"async\" width=\"920\" height=\"412\" src=\"https:\/\/www.ellenafuneralcar.com\/wp-content\/uploads\/2024\/06\/EMQE-05-ps-header.png\" alt=\"\" class=\"wp-image-4958\" srcset=\"https:\/\/www.ellenafuneralcar.com\/wp-content\/uploads\/2024\/06\/EMQE-05-ps-header.png 920w, https:\/\/www.ellenafuneralcar.com\/wp-content\/uploads\/2024\/06\/EMQE-05-ps-header-300x134.png 300w, https:\/\/www.ellenafuneralcar.com\/wp-content\/uploads\/2024\/06\/EMQE-05-ps-header-768x344.png 768w\" sizes=\"(max-width: 920px) 100vw, 920px\" \/><\/figure>\n<\/div>\n<\/div>\n<\/div>\n<\/div><\/div>\n<\/section>\n\n\n\n<section class=\"wp-block-group background-gunmetal-dark\">\n<div class=\"wp-block-group container\">\n<div class=\"wp-block-columns row pt-5\">\n<div class=\"wp-block-column col-12\">\n<figure class=\"wp-block-gallery has-nested-images columns-default is-cropped slick-gallery with-thumbnails wp-block-gallery-1\">\n<figure class=\"wp-block-image size-large\"><img decoding=\"async\" width=\"1024\" height=\"576\" data-id=\"4962\" src=\"https:\/\/www.ellenafuneralcar.com\/wp-content\/uploads\/2024\/06\/Autofunebre_Mercdes_elettrica-1024x576.jpg\" alt=\"\" class=\"wp-image-4962\" srcset=\"https:\/\/www.ellenafuneralcar.com\/wp-content\/uploads\/2024\/06\/Autofunebre_Mercdes_elettrica-1024x576.jpg 1024w, https:\/\/www.ellenafuneralcar.com\/wp-content\/uploads\/2024\/06\/Autofunebre_Mercdes_elettrica-300x169.jpg 300w, https:\/\/www.ellenafuneralcar.com\/wp-content\/uploads\/2024\/06\/Autofunebre_Mercdes_elettrica-768x432.jpg 768w, https:\/\/www.ellenafuneralcar.com\/wp-content\/uploads\/2024\/06\/Autofunebre_Mercdes_elettrica-1536x864.jpg 1536w, https:\/\/www.ellenafuneralcar.com\/wp-content\/uploads\/2024\/06\/Autofunebre_Mercdes_elettrica.jpg 1920w\" sizes=\"(max-width: 1024px) 100vw, 1024px\" \/><\/figure>\n\n\n\n<figure class=\"wp-block-image size-large\"><img decoding=\"async\" width=\"1024\" height=\"576\" data-id=\"4984\" src=\"https:\/\/www.ellenafuneralcar.com\/wp-content\/uploads\/2024\/06\/Progetto-senza-titolo-3-1024x576.jpg\" alt=\"\" class=\"wp-image-4984\" srcset=\"https:\/\/www.ellenafuneralcar.com\/wp-content\/uploads\/2024\/06\/Progetto-senza-titolo-3-1024x576.jpg 1024w, https:\/\/www.ellenafuneralcar.com\/wp-content\/uploads\/2024\/06\/Progetto-senza-titolo-3-300x169.jpg 300w, https:\/\/www.ellenafuneralcar.com\/wp-content\/uploads\/2024\/06\/Progetto-senza-titolo-3-768x432.jpg 768w, https:\/\/www.ellenafuneralcar.com\/wp-content\/uploads\/2024\/06\/Progetto-senza-titolo-3-1536x864.jpg 1536w, https:\/\/www.ellenafuneralcar.com\/wp-content\/uploads\/2024\/06\/Progetto-senza-titolo-3.jpg 1920w\" sizes=\"(max-width: 1024px) 100vw, 1024px\" \/><\/figure>\n\n\n\n<figure class=\"wp-block-image size-full\"><img decoding=\"async\" width=\"1024\" height=\"576\" data-id=\"4968\" src=\"https:\/\/www.ellenafuneralcar.com\/wp-content\/uploads\/2024\/06\/EMQE-gallery_2.jpg\" alt=\"\" class=\"wp-image-4968\" srcset=\"https:\/\/www.ellenafuneralcar.com\/wp-content\/uploads\/2024\/06\/EMQE-gallery_2.jpg 1024w, https:\/\/www.ellenafuneralcar.com\/wp-content\/uploads\/2024\/06\/EMQE-gallery_2-300x169.jpg 300w, https:\/\/www.ellenafuneralcar.com\/wp-content\/uploads\/2024\/06\/EMQE-gallery_2-768x432.jpg 768w\" sizes=\"(max-width: 1024px) 100vw, 1024px\" \/><\/figure>\n\n\n\n<figure class=\"wp-block-image size-full\"><img decoding=\"async\" width=\"1024\" height=\"576\" data-id=\"4971\" src=\"https:\/\/www.ellenafuneralcar.com\/wp-content\/uploads\/2024\/06\/EMQE-gallery_4.jpg\" alt=\"\" class=\"wp-image-4971\" srcset=\"https:\/\/www.ellenafuneralcar.com\/wp-content\/uploads\/2024\/06\/EMQE-gallery_4.jpg 1024w, https:\/\/www.ellenafuneralcar.com\/wp-content\/uploads\/2024\/06\/EMQE-gallery_4-300x169.jpg 300w, https:\/\/www.ellenafuneralcar.com\/wp-content\/uploads\/2024\/06\/EMQE-gallery_4-768x432.jpg 768w\" sizes=\"(max-width: 1024px) 100vw, 1024px\" \/><\/figure>\n\n\n\n<figure class=\"wp-block-image size-full\"><img decoding=\"async\" width=\"1024\" height=\"576\" data-id=\"4974\" src=\"https:\/\/www.ellenafuneralcar.com\/wp-content\/uploads\/2024\/06\/EMQE-gallery_5.jpg\" alt=\"\" class=\"wp-image-4974\" srcset=\"https:\/\/www.ellenafuneralcar.com\/wp-content\/uploads\/2024\/06\/EMQE-gallery_5.jpg 1024w, https:\/\/www.ellenafuneralcar.com\/wp-content\/uploads\/2024\/06\/EMQE-gallery_5-300x169.jpg 300w, https:\/\/www.ellenafuneralcar.com\/wp-content\/uploads\/2024\/06\/EMQE-gallery_5-768x432.jpg 768w\" sizes=\"(max-width: 1024px) 100vw, 1024px\" \/><\/figure>\n\n\n\n<figure class=\"wp-block-image size-full\"><img decoding=\"async\" width=\"1024\" height=\"576\" data-id=\"4977\" src=\"https:\/\/www.ellenafuneralcar.com\/wp-content\/uploads\/2024\/06\/EMQE-gallery_3.jpg\" alt=\"\" class=\"wp-image-4977\" srcset=\"https:\/\/www.ellenafuneralcar.com\/wp-content\/uploads\/2024\/06\/EMQE-gallery_3.jpg 1024w, https:\/\/www.ellenafuneralcar.com\/wp-content\/uploads\/2024\/06\/EMQE-gallery_3-300x169.jpg 300w, https:\/\/www.ellenafuneralcar.com\/wp-content\/uploads\/2024\/06\/EMQE-gallery_3-768x432.jpg 768w\" sizes=\"(max-width: 1024px) 100vw, 1024px\" \/><\/figure>\n<\/figure>\n<\/div>\n<\/div>\n\n\n\n<div class=\"wp-block-columns row py-5\">\n<div class=\"wp-block-column col-12\">\n<nav class=\"wp-block-bootstrap-nav-tabs\">\n<div id=\"nav-tab\" class=\"wp-block-bootstrap-nav-tablist nav nav-tabs\" role=\"tablist\">\n<button class=\"nav-link active\" id=\"nav-technical-tab\" data-bs-toggle=\"tab\" data-bs-target=\"#nav-technical\" type=\"button\" role=\"tab\" aria-controls=\"nav-technical\" aria-selected=\"true\">Caract\u00e9ristiques <br>techniques<\/button>\n    <button class=\"nav-link\" id=\"nav-equipment-tab\" data-bs-toggle=\"tab\" data-bs-target=\"#nav-equipment\" type=\"button\" role=\"tab\" aria-controls=\"nav-equipment\" aria-selected=\"false\">Caract\u00e9ristiques et <br>\u00e9quipement de s\u00e9rie<\/button>\n    <button class=\"nav-link\" id=\"nav-accesories-tab\" data-bs-toggle=\"tab\" data-bs-target=\"#nav-accesories\" type=\"button\" role=\"tab\" aria-controls=\"nav-accesories\" aria-selected=\"false\">Accessoires <br>sur demande<\/button>\n<\/div>\n<\/nav>\n\n\n\n<div id=\"nav-tabContent\" class=\"wp-block-group tab-content\">\n<div id=\"nav-technical\" class=\"wp-block-group tab-pane fade show active\">\n<figure class=\"wp-block-table product-table\"><table><tbody><tr><td>Mod\u00e8le:<\/td><td>Ellena EMQE sur ch\u00e2ssis Mercedes Benz EQE<\/td><\/tr><tr><td>Alimentation:<\/td><td>Full electric<\/td><\/tr><tr><td>Bo\u00eete de vitesses:<\/td><td>Pas pr\u00e9sent<\/td><\/tr><tr><td>Motorisation:<\/td><td>215 kW<\/td><\/tr><tr><td>Empattement:<\/td><td>4000 mm<\/td><\/tr><tr><td>Longueur:<\/td><td>6610 mm<\/td><\/tr><tr><td>Largeur:<\/td><td>1892 mm<\/td><\/tr><tr><td>Longueur compartiment cercueil:<\/td><td>2350 mm<\/td><\/tr><tr><td>Hauteur compartiment cercueil:<\/td><td>950 mm<\/td><\/tr><\/tbody><\/table><\/figure>\n<\/div>\n\n\n\n<div id=\"nav-equipment\" class=\"wp-block-group tab-pane fade show pt-3\">\n<ul class=\"wp-block-list\">\n<li>Monocoque en mat\u00e9riau composite<\/li>\n\n\n\n<li>Design \u00e9l\u00e9gant et innovant<\/li>\n\n\n\n<li>Suspension \u00e0 correction d&rsquo;assiette automatique<\/li>\n\n\n\n<li>Hayon automatique<\/li>\n\n\n\n<li>L\u00e8ve-cercueil hydraulique<\/li>\n\n\n\n<li>Syst\u00e8me sono<\/li>\n\n\n\n<li>Coffre de rangement derri\u00e8re le dossier arri\u00e8re<\/li>\n\n\n\n<li>Habillage du compartiment cercueil en cuir v\u00e9ritable avec surpiq\u00fbres apparentes<\/li>\n\n\n\n<li>\u00c9clairage LED<\/li>\n\n\n\n<li>Croix amovible en acier inoxydable<\/li>\n<\/ul>\n<\/div>\n\n\n\n<div id=\"nav-accesories\" class=\"wp-block-group tab-pane fade show pt-3\">\n<ul class=\"wp-block-list\">\n<li>Plateau automatique<\/li>\n\n\n\n<li>Vitres teint\u00e9es<\/li>\n\n\n\n<li>Suspension pneumatique<\/li>\n\n\n\n<li>Finition \u00ab\u00a0Carbon Look\u00a0\u00bb<\/li>\n\n\n\n<li>Peinture bicolore<\/li>\n<\/ul>\n<\/div>\n<\/div>\n<\/div>\n<\/div>\n<\/div>\n<\/section>\n","protected":false},"excerpt":{"rendered":"<p>Mod\u00e8le: Ellena EMQE sur ch\u00e2ssis Mercedes Benz EQE Alimentation: Full electric Bo\u00eete de vitesses: Pas pr\u00e9sent Motorisation: 215 kW Empattement: 4000 mm Longueur: 6610 mm Largeur: 1892 mm Longueur compartiment cercueil: 2350 mm Hauteur compartiment cercueil: 950 mm<\/p>\n","protected":false},"author":1,"featured_media":0,"parent":2677,"menu_order":5,"comment_status":"closed","ping_status":"closed","template":"","meta":{"footnotes":""},"class_list":["post-4956","page","type-page","status-publish","hentry"],"_links":{"self":[{"href":"https:\/\/www.ellenafuneralcar.com\/fr\/wp-json\/wp\/v2\/pages\/4956","targetHints":{"allow":["GET"]}}],"collection":[{"href":"https:\/\/www.ellenafuneralcar.com\/fr\/wp-json\/wp\/v2\/pages"}],"about":[{"href":"https:\/\/www.ellenafuneralcar.com\/fr\/wp-json\/wp\/v2\/types\/page"}],"author":[{"embeddable":true,"href":"https:\/\/www.ellenafuneralcar.com\/fr\/wp-json\/wp\/v2\/users\/1"}],"replies":[{"embeddable":true,"href":"https:\/\/www.ellenafuneralcar.com\/fr\/wp-json\/wp\/v2\/comments?post=4956"}],"version-history":[{"count":5,"href":"https:\/\/www.ellenafuneralcar.com\/fr\/wp-json\/wp\/v2\/pages\/4956\/revisions"}],"predecessor-version":[{"id":5223,"href":"https:\/\/www.ellenafuneralcar.com\/fr\/wp-json\/wp\/v2\/pages\/4956\/revisions\/5223"}],"up":[{"embeddable":true,"href":"https:\/\/www.ellenafuneralcar.com\/fr\/wp-json\/wp\/v2\/pages\/2677"}],"wp:attachment":[{"href":"https:\/\/www.ellenafuneralcar.com\/fr\/wp-json\/wp\/v2\/media?parent=4956"}],"curies":[{"name":"wp","href":"https:\/\/api.w.org\/{rel}","templated":true}]}}